{"id":7500,"date":"2024-07-23T10:24:20","date_gmt":"2024-07-23T07:24:20","guid":{"rendered":"https:\/\/www.gucbirjenerator.com\/urun\/gjp110-st\/"},"modified":"2024-07-23T10:24:20","modified_gmt":"2024-07-23T07:24:20","slug":"gjp110-st","status":"publish","type":"product","link":"https:\/\/www.gucbirjenerator.com\/en\/urun\/gjp110-st\/","title":{"rendered":"GJP110-ST"},"content":{"rendered":"<table width=\"550\">\n<tbody>\n<tr>\n<td width=\"282\">Generator Model<\/td>\n<td width=\"51\"><\/td>\n<td width=\"217\">GJP110-ST<\/td>\n<\/tr>\n<tr>\n<td rowspan=\"2\">Standby<\/td>\n<td>kVA<\/td>\n<td>110<\/td>\n<\/tr>\n<tr>\n<td>kW<\/td>\n<td>88<\/td>\n<\/tr>\n<tr>\n<td rowspan=\"2\">Prime<\/td>\n<td>kVA<\/td>\n<td>100<\/td>\n<\/tr>\n<tr>\n<td>kW<\/td>\n<td>80<\/td>\n<\/tr>\n<tr>\n<td>Engine Speed<\/td>\n<td>r.p.m<\/td>\n<td>1500<\/td>\n<\/tr>\n<tr>\n<td>Voltage<\/td>\n<td>V<\/td>\n<td>230\/400<\/td>\n<\/tr>\n<tr>\n<td>Power Factor<\/td>\n<td>Cos Phi<\/td>\n<td>0,8<\/td>\n<\/tr>\n<\/tbody>\n<\/table>\n","protected":false},"excerpt":{"rendered":"<p>Generator Model GJP110-ST Standby kVA 110 kW 88 Prime kVA 100 kW 80 Engine Speed r.p.m 1500 Voltage V 230\/400 Power Factor Cos Phi 0,8<\/p>\n","protected":false},"featured_media":6107,"template":"","meta":[],"product_brand":[],"product_cat":[6868],"product_tag":[],"class_list":{"0":"post-7500","1":"product","2":"type-product","3":"status-publish","4":"has-post-thumbnail","6":"product_cat-stamford-perkins","8":"first","9":"instock","10":"shipping-taxable","11":"product-type-simple"},"aioseo_notices":[],"aioseo_head":"\n\t\t<!-- All in One SEO Pro 4.9.5.2 - aioseo.com -->\n\t<meta name=\"description\" content=\"Generator Model GJP110-ST Standby kVA 110 kW 88 Prime kVA 100 kW 80 Engine Speed r.p.m 1500 Voltage V 230\/400 Power Factor Cos Phi 0,8\" \/>\n\t<meta name=\"robots\" content=\"max-image-preview:large\" \/>\n\t<link rel=\"canonical\" href=\"https:\/\/www.gucbirjenerator.com\/en\/urun\/gjp110-st\/\" \/>\n\t<meta name=\"generator\" content=\"All in One SEO Pro (AIOSEO) 4.9.5.2\" \/>\n\n\t\t<meta name=\"google-site-verification\" content=\"4gQbJotLq2Jkk7uK7PBaLqoK2brFQzd0wTqle0IPH6s\" \/>\n\t\t<meta property=\"og:locale\" content=\"en_US\" \/>\n\t\t<meta property=\"og:site_name\" content=\"G\u00fc\u00e7bir Jenerat\u00f6r | Dizel Jenerat\u00f6r - Portatif Jenerat\u00f6r - Orta Gerilim Jenerat\u00f6r - DC Jenerat\u00f6r\" \/>\n\t\t<meta property=\"og:type\" content=\"article\" \/>\n\t\t<meta property=\"og:title\" content=\"GJP110-ST | G\u00fc\u00e7bir Jenerat\u00f6r\" \/>\n\t\t<meta property=\"og:description\" content=\"Generator Model GJP110-ST Standby kVA 110 kW 88 Prime kVA 100 kW 80 Engine Speed r.p.m 1500 Voltage V 230\/400 Power Factor Cos Phi 0,8\" \/>\n\t\t<meta property=\"og:url\" content=\"https:\/\/www.gucbirjenerator.com\/en\/urun\/gjp110-st\/\" \/>\n\t\t<meta property=\"og:image\" content=\"https:\/\/www.gucbirjenerator.com\/wp-content\/uploads\/2024\/11\/Sdec-900-1250.jpg\" \/>\n\t\t<meta property=\"og:image:secure_url\" content=\"https:\/\/www.gucbirjenerator.com\/wp-content\/uploads\/2024\/11\/Sdec-900-1250.jpg\" \/>\n\t\t<meta property=\"og:image:width\" content=\"2500\" \/>\n\t\t<meta property=\"og:image:height\" content=\"2500\" \/>\n\t\t<meta property=\"article:published_time\" content=\"2024-07-23T07:24:20+00:00\" \/>\n\t\t<meta property=\"article:modified_time\" content=\"2024-07-23T07:24:20+00:00\" \/>\n\t\t<meta property=\"article:publisher\" content=\"https:\/\/www.facebook.com\/Gucbir\/\" \/>\n\t\t<meta name=\"twitter:card\" content=\"summary_large_image\" \/>\n\t\t<meta name=\"twitter:site\" content=\"@gucbirjenerator\" \/>\n\t\t<meta name=\"twitter:title\" content=\"GJP110-ST | G\u00fc\u00e7bir Jenerat\u00f6r\" \/>\n\t\t<meta name=\"twitter:description\" content=\"Generator Model GJP110-ST Standby kVA 110 kW 88 Prime kVA 100 kW 80 Engine Speed r.p.m 1500 Voltage V 230\/400 Power Factor Cos Phi 0,8\" \/>\n\t\t<meta name=\"twitter:image\" content=\"https:\/\/www.gucbirjenerator.com\/wp-content\/uploads\/2024\/11\/Sdec-900-1250.jpg\" \/>\n\t\t<script type=\"application\/ld+json\" class=\"aioseo-schema\">\n\t\t\t{\"@context\":\"https:\\\/\\\/schema.org\",\"@graph\":[{\"@type\":\"BreadcrumbList\",\"@id\":\"https:\\\/\\\/www.gucbirjenerator.com\\\/en\\\/urun\\\/gjp110-st\\\/#breadcrumblist\",\"itemListElement\":[{\"@type\":\"ListItem\",\"@id\":\"https:\\\/\\\/www.gucbirjenerator.com\\\/en\\\/#listItem\",\"position\":1,\"name\":\"Jenerat\\u00f6r\",\"item\":\"https:\\\/\\\/www.gucbirjenerator.com\\\/en\\\/\",\"nextItem\":{\"@type\":\"ListItem\",\"@id\":\"https:\\\/\\\/www.gucbirjenerator.com\\\/en\\\/product-category\\\/diesel-generator-sets\\\/#listItem\",\"name\":\"Diesel Generator Sets\"}},{\"@type\":\"ListItem\",\"@id\":\"https:\\\/\\\/www.gucbirjenerator.com\\\/en\\\/product-category\\\/diesel-generator-sets\\\/#listItem\",\"position\":2,\"name\":\"Diesel Generator Sets\",\"item\":\"https:\\\/\\\/www.gucbirjenerator.com\\\/en\\\/product-category\\\/diesel-generator-sets\\\/\",\"nextItem\":{\"@type\":\"ListItem\",\"@id\":\"https:\\\/\\\/www.gucbirjenerator.com\\\/en\\\/product-category\\\/diesel-generator-sets\\\/perkins\\\/#listItem\",\"name\":\"Perkins\"},\"previousItem\":{\"@type\":\"ListItem\",\"@id\":\"https:\\\/\\\/www.gucbirjenerator.com\\\/en\\\/#listItem\",\"name\":\"Jenerat\\u00f6r\"}},{\"@type\":\"ListItem\",\"@id\":\"https:\\\/\\\/www.gucbirjenerator.com\\\/en\\\/product-category\\\/diesel-generator-sets\\\/perkins\\\/#listItem\",\"position\":3,\"name\":\"Perkins\",\"item\":\"https:\\\/\\\/www.gucbirjenerator.com\\\/en\\\/product-category\\\/diesel-generator-sets\\\/perkins\\\/\",\"nextItem\":{\"@type\":\"ListItem\",\"@id\":\"https:\\\/\\\/www.gucbirjenerator.com\\\/en\\\/product-category\\\/diesel-generator-sets\\\/perkins\\\/stamford-perkins\\\/#listItem\",\"name\":\"Perkins - Stamford\"},\"previousItem\":{\"@type\":\"ListItem\",\"@id\":\"https:\\\/\\\/www.gucbirjenerator.com\\\/en\\\/product-category\\\/diesel-generator-sets\\\/#listItem\",\"name\":\"Diesel Generator Sets\"}},{\"@type\":\"ListItem\",\"@id\":\"https:\\\/\\\/www.gucbirjenerator.com\\\/en\\\/product-category\\\/diesel-generator-sets\\\/perkins\\\/stamford-perkins\\\/#listItem\",\"position\":4,\"name\":\"Perkins - Stamford\",\"item\":\"https:\\\/\\\/www.gucbirjenerator.com\\\/en\\\/product-category\\\/diesel-generator-sets\\\/perkins\\\/stamford-perkins\\\/\",\"nextItem\":{\"@type\":\"ListItem\",\"@id\":\"https:\\\/\\\/www.gucbirjenerator.com\\\/en\\\/urun\\\/gjp110-st\\\/#listItem\",\"name\":\"GJP110-ST\"},\"previousItem\":{\"@type\":\"ListItem\",\"@id\":\"https:\\\/\\\/www.gucbirjenerator.com\\\/en\\\/product-category\\\/diesel-generator-sets\\\/perkins\\\/#listItem\",\"name\":\"Perkins\"}},{\"@type\":\"ListItem\",\"@id\":\"https:\\\/\\\/www.gucbirjenerator.com\\\/en\\\/urun\\\/gjp110-st\\\/#listItem\",\"position\":5,\"name\":\"GJP110-ST\",\"previousItem\":{\"@type\":\"ListItem\",\"@id\":\"https:\\\/\\\/www.gucbirjenerator.com\\\/en\\\/product-category\\\/diesel-generator-sets\\\/perkins\\\/stamford-perkins\\\/#listItem\",\"name\":\"Perkins - Stamford\"}}]},{\"@type\":\"Organization\",\"@id\":\"https:\\\/\\\/www.gucbirjenerator.com\\\/en\\\/#organization\",\"name\":\"G\\u00fc\\u00e7bir Jenerat\\u00f6r\",\"description\":\"Dizel Jenerat\\u00f6r - Portatif Jenerat\\u00f6r - Orta Gerilim Jenerat\\u00f6r - DC Jenerat\\u00f6r\",\"url\":\"https:\\\/\\\/www.gucbirjenerator.com\\\/en\\\/\",\"email\":\"info@gucbirjenerator.com\",\"telephone\":\"+902163127979\",\"logo\":{\"@type\":\"ImageObject\",\"url\":\"https:\\\/\\\/www.gucbirjenerator.com\\\/wp-content\\\/uploads\\\/2024\\\/04\\\/LOGO.png\",\"@id\":\"https:\\\/\\\/www.gucbirjenerator.com\\\/en\\\/urun\\\/gjp110-st\\\/#organizationLogo\",\"width\":500,\"height\":194},\"image\":{\"@id\":\"https:\\\/\\\/www.gucbirjenerator.com\\\/en\\\/urun\\\/gjp110-st\\\/#organizationLogo\"},\"sameAs\":[\"https:\\\/\\\/www.facebook.com\\\/Gucbir\\\/\",\"https:\\\/\\\/x.com\\\/gucbirjenerator\",\"https:\\\/\\\/www.instagram.com\\\/gucbirjenerator\\\/\",\"https:\\\/\\\/www.youtube.com\\\/channel\\\/UCDAQMIeq8KkEwJ_UmLyiMQg\",\"https:\\\/\\\/www.linkedin.com\\\/company\\\/gucbirjenerator\\\/\"],\"address\":{\"@id\":\"https:\\\/\\\/www.gucbirjenerator.com\\\/en\\\/#postaladdress\",\"@type\":\"PostalAddress\",\"streetAddress\":\"\\u015eerifali, Tavuk\\u00e7uyolu Cd No:200,34775, \\u00dcmraniye\\\/\\u0130stanbul\",\"postalCode\":\"34775\",\"addressLocality\":\"\\u0130STANBUL\",\"addressCountry\":\"TR\"}},{\"@type\":\"Product\",\"@id\":\"https:\\\/\\\/www.gucbirjenerator.com\\\/en\\\/urun\\\/gjp110-st\\\/#wooCommerceProduct\",\"name\":\"GJP110-ST\",\"description\":\"Generator Model GJP110-ST Standby kVA 110 kW 88 Prime kVA 100 kW 80 Engine Speed r.p.m 1500 Voltage V 230\\\/400 Power Factor Cos Phi 0,8\",\"url\":\"https:\\\/\\\/www.gucbirjenerator.com\\\/en\\\/urun\\\/gjp110-st\\\/\",\"image\":{\"@type\":\"ImageObject\",\"url\":\"https:\\\/\\\/www.gucbirjenerator.com\\\/wp-content\\\/uploads\\\/2024\\\/07\\\/Perkins-Diesel-Generator-100-200.jpg\",\"@id\":\"https:\\\/\\\/www.gucbirjenerator.com\\\/en\\\/urun\\\/gjp110-st\\\/#productImage\",\"width\":2500,\"height\":2500},\"offers\":{\"@type\":\"Offer\",\"url\":\"https:\\\/\\\/www.gucbirjenerator.com\\\/en\\\/urun\\\/gjp110-st\\\/#wooCommerceOffer\",\"price\":0,\"priceCurrency\":\"TRY\",\"category\":\"Perkins - Stamford\",\"availability\":\"https:\\\/\\\/schema.org\\\/InStock\",\"seller\":{\"@type\":\"Organization\",\"@id\":\"https:\\\/\\\/www.gucbirjenerator.com\\\/en\\\/#organization\"}}},{\"@type\":\"WebPage\",\"@id\":\"https:\\\/\\\/www.gucbirjenerator.com\\\/en\\\/urun\\\/gjp110-st\\\/#webpage\",\"url\":\"https:\\\/\\\/www.gucbirjenerator.com\\\/en\\\/urun\\\/gjp110-st\\\/\",\"name\":\"GJP110-ST | G\\u00fc\\u00e7bir Jenerat\\u00f6r\",\"description\":\"Generator Model GJP110-ST Standby kVA 110 kW 88 Prime kVA 100 kW 80 Engine Speed r.p.m 1500 Voltage V 230\\\/400 Power Factor Cos Phi 0,8\",\"inLanguage\":\"en-US\",\"isPartOf\":{\"@id\":\"https:\\\/\\\/www.gucbirjenerator.com\\\/en\\\/#website\"},\"breadcrumb\":{\"@id\":\"https:\\\/\\\/www.gucbirjenerator.com\\\/en\\\/urun\\\/gjp110-st\\\/#breadcrumblist\"},\"image\":{\"@type\":\"ImageObject\",\"url\":\"https:\\\/\\\/www.gucbirjenerator.com\\\/wp-content\\\/uploads\\\/2024\\\/07\\\/Perkins-Diesel-Generator-100-200.jpg\",\"@id\":\"https:\\\/\\\/www.gucbirjenerator.com\\\/en\\\/urun\\\/gjp110-st\\\/#mainImage\",\"width\":2500,\"height\":2500},\"primaryImageOfPage\":{\"@id\":\"https:\\\/\\\/www.gucbirjenerator.com\\\/en\\\/urun\\\/gjp110-st\\\/#mainImage\"},\"datePublished\":\"2024-07-23T10:24:20+03:00\",\"dateModified\":\"2024-07-23T10:24:20+03:00\"},{\"@type\":\"WebSite\",\"@id\":\"https:\\\/\\\/www.gucbirjenerator.com\\\/en\\\/#website\",\"url\":\"https:\\\/\\\/www.gucbirjenerator.com\\\/en\\\/\",\"name\":\"G\\u00fc\\u00e7bir Jenerat\\u00f6r\",\"alternateName\":\"G\\u00fc\\u00e7bir Jenerator\",\"description\":\"Dizel Jenerat\\u00f6r - Portatif Jenerat\\u00f6r - Orta Gerilim Jenerat\\u00f6r - DC Jenerat\\u00f6r\",\"inLanguage\":\"en-US\",\"publisher\":{\"@id\":\"https:\\\/\\\/www.gucbirjenerator.com\\\/en\\\/#organization\"}}]}\n\t\t<\/script>\n\t\t<!-- All in One SEO Pro -->\r\n\t\t<title>GJP110-ST | G\u00fc\u00e7bir Jenerat\u00f6r<\/title>\n\n","aioseo_head_json":{"title":"GJP110-ST | G\u00fc\u00e7bir Jenerat\u00f6r","description":"Generator Model GJP110-ST Standby kVA 110 kW 88 Prime kVA 100 kW 80 Engine Speed r.p.m 1500 Voltage V 230\/400 Power Factor Cos Phi 0,8","canonical_url":"https:\/\/www.gucbirjenerator.com\/en\/urun\/gjp110-st\/","robots":"max-image-preview:large","keywords":"","webmasterTools":{"miscellaneous":"&lt;meta name=\"google-site-verification\" content=\"4gQbJotLq2Jkk7uK7PBaLqoK2brFQzd0wTqle0IPH6s\" \/&gt;"},"schema":{"@context":"https:\/\/schema.org","@graph":[{"@type":"BreadcrumbList","@id":"https:\/\/www.gucbirjenerator.com\/en\/urun\/gjp110-st\/#breadcrumblist","itemListElement":[{"@type":"ListItem","@id":"https:\/\/www.gucbirjenerator.com\/en\/#listItem","position":1,"name":"Jenerat\u00f6r","item":"https:\/\/www.gucbirjenerator.com\/en\/","nextItem":{"@type":"ListItem","@id":"https:\/\/www.gucbirjenerator.com\/en\/product-category\/diesel-generator-sets\/#listItem","name":"Diesel Generator Sets"}},{"@type":"ListItem","@id":"https:\/\/www.gucbirjenerator.com\/en\/product-category\/diesel-generator-sets\/#listItem","position":2,"name":"Diesel Generator Sets","item":"https:\/\/www.gucbirjenerator.com\/en\/product-category\/diesel-generator-sets\/","nextItem":{"@type":"ListItem","@id":"https:\/\/www.gucbirjenerator.com\/en\/product-category\/diesel-generator-sets\/perkins\/#listItem","name":"Perkins"},"previousItem":{"@type":"ListItem","@id":"https:\/\/www.gucbirjenerator.com\/en\/#listItem","name":"Jenerat\u00f6r"}},{"@type":"ListItem","@id":"https:\/\/www.gucbirjenerator.com\/en\/product-category\/diesel-generator-sets\/perkins\/#listItem","position":3,"name":"Perkins","item":"https:\/\/www.gucbirjenerator.com\/en\/product-category\/diesel-generator-sets\/perkins\/","nextItem":{"@type":"ListItem","@id":"https:\/\/www.gucbirjenerator.com\/en\/product-category\/diesel-generator-sets\/perkins\/stamford-perkins\/#listItem","name":"Perkins - Stamford"},"previousItem":{"@type":"ListItem","@id":"https:\/\/www.gucbirjenerator.com\/en\/product-category\/diesel-generator-sets\/#listItem","name":"Diesel Generator Sets"}},{"@type":"ListItem","@id":"https:\/\/www.gucbirjenerator.com\/en\/product-category\/diesel-generator-sets\/perkins\/stamford-perkins\/#listItem","position":4,"name":"Perkins - Stamford","item":"https:\/\/www.gucbirjenerator.com\/en\/product-category\/diesel-generator-sets\/perkins\/stamford-perkins\/","nextItem":{"@type":"ListItem","@id":"https:\/\/www.gucbirjenerator.com\/en\/urun\/gjp110-st\/#listItem","name":"GJP110-ST"},"previousItem":{"@type":"ListItem","@id":"https:\/\/www.gucbirjenerator.com\/en\/product-category\/diesel-generator-sets\/perkins\/#listItem","name":"Perkins"}},{"@type":"ListItem","@id":"https:\/\/www.gucbirjenerator.com\/en\/urun\/gjp110-st\/#listItem","position":5,"name":"GJP110-ST","previousItem":{"@type":"ListItem","@id":"https:\/\/www.gucbirjenerator.com\/en\/product-category\/diesel-generator-sets\/perkins\/stamford-perkins\/#listItem","name":"Perkins - Stamford"}}]},{"@type":"Organization","@id":"https:\/\/www.gucbirjenerator.com\/en\/#organization","name":"G\u00fc\u00e7bir Jenerat\u00f6r","description":"Dizel Jenerat\u00f6r - Portatif Jenerat\u00f6r - Orta Gerilim Jenerat\u00f6r - DC Jenerat\u00f6r","url":"https:\/\/www.gucbirjenerator.com\/en\/","email":"info@gucbirjenerator.com","telephone":"+902163127979","logo":{"@type":"ImageObject","url":"https:\/\/www.gucbirjenerator.com\/wp-content\/uploads\/2024\/04\/LOGO.png","@id":"https:\/\/www.gucbirjenerator.com\/en\/urun\/gjp110-st\/#organizationLogo","width":500,"height":194},"image":{"@id":"https:\/\/www.gucbirjenerator.com\/en\/urun\/gjp110-st\/#organizationLogo"},"sameAs":["https:\/\/www.facebook.com\/Gucbir\/","https:\/\/x.com\/gucbirjenerator","https:\/\/www.instagram.com\/gucbirjenerator\/","https:\/\/www.youtube.com\/channel\/UCDAQMIeq8KkEwJ_UmLyiMQg","https:\/\/www.linkedin.com\/company\/gucbirjenerator\/"],"address":{"@id":"https:\/\/www.gucbirjenerator.com\/en\/#postaladdress","@type":"PostalAddress","streetAddress":"\u015eerifali, Tavuk\u00e7uyolu Cd No:200,34775, \u00dcmraniye\/\u0130stanbul","postalCode":"34775","addressLocality":"\u0130STANBUL","addressCountry":"TR"}},{"@type":"Product","@id":"https:\/\/www.gucbirjenerator.com\/en\/urun\/gjp110-st\/#wooCommerceProduct","name":"GJP110-ST","description":"Generator Model GJP110-ST Standby kVA 110 kW 88 Prime kVA 100 kW 80 Engine Speed r.p.m 1500 Voltage V 230\/400 Power Factor Cos Phi 0,8","url":"https:\/\/www.gucbirjenerator.com\/en\/urun\/gjp110-st\/","image":{"@type":"ImageObject","url":"https:\/\/www.gucbirjenerator.com\/wp-content\/uploads\/2024\/07\/Perkins-Diesel-Generator-100-200.jpg","@id":"https:\/\/www.gucbirjenerator.com\/en\/urun\/gjp110-st\/#productImage","width":2500,"height":2500},"offers":{"@type":"Offer","url":"https:\/\/www.gucbirjenerator.com\/en\/urun\/gjp110-st\/#wooCommerceOffer","price":0,"priceCurrency":"TRY","category":"Perkins - Stamford","availability":"https:\/\/schema.org\/InStock","seller":{"@type":"Organization","@id":"https:\/\/www.gucbirjenerator.com\/en\/#organization"}}},{"@type":"WebPage","@id":"https:\/\/www.gucbirjenerator.com\/en\/urun\/gjp110-st\/#webpage","url":"https:\/\/www.gucbirjenerator.com\/en\/urun\/gjp110-st\/","name":"GJP110-ST | G\u00fc\u00e7bir Jenerat\u00f6r","description":"Generator Model GJP110-ST Standby kVA 110 kW 88 Prime kVA 100 kW 80 Engine Speed r.p.m 1500 Voltage V 230\/400 Power Factor Cos Phi 0,8","inLanguage":"en-US","isPartOf":{"@id":"https:\/\/www.gucbirjenerator.com\/en\/#website"},"breadcrumb":{"@id":"https:\/\/www.gucbirjenerator.com\/en\/urun\/gjp110-st\/#breadcrumblist"},"image":{"@type":"ImageObject","url":"https:\/\/www.gucbirjenerator.com\/wp-content\/uploads\/2024\/07\/Perkins-Diesel-Generator-100-200.jpg","@id":"https:\/\/www.gucbirjenerator.com\/en\/urun\/gjp110-st\/#mainImage","width":2500,"height":2500},"primaryImageOfPage":{"@id":"https:\/\/www.gucbirjenerator.com\/en\/urun\/gjp110-st\/#mainImage"},"datePublished":"2024-07-23T10:24:20+03:00","dateModified":"2024-07-23T10:24:20+03:00"},{"@type":"WebSite","@id":"https:\/\/www.gucbirjenerator.com\/en\/#website","url":"https:\/\/www.gucbirjenerator.com\/en\/","name":"G\u00fc\u00e7bir Jenerat\u00f6r","alternateName":"G\u00fc\u00e7bir Jenerator","description":"Dizel Jenerat\u00f6r - Portatif Jenerat\u00f6r - Orta Gerilim Jenerat\u00f6r - DC Jenerat\u00f6r","inLanguage":"en-US","publisher":{"@id":"https:\/\/www.gucbirjenerator.com\/en\/#organization"}}]},"og:locale":"en_US","og:site_name":"G\u00fc\u00e7bir Jenerat\u00f6r | Dizel Jenerat\u00f6r - Portatif Jenerat\u00f6r - Orta Gerilim Jenerat\u00f6r - DC Jenerat\u00f6r","og:type":"article","og:title":"GJP110-ST | G\u00fc\u00e7bir Jenerat\u00f6r","og:description":"Generator Model GJP110-ST Standby kVA 110 kW 88 Prime kVA 100 kW 80 Engine Speed r.p.m 1500 Voltage V 230\/400 Power Factor Cos Phi 0,8","og:url":"https:\/\/www.gucbirjenerator.com\/en\/urun\/gjp110-st\/","og:image":"https:\/\/www.gucbirjenerator.com\/wp-content\/uploads\/2024\/11\/Sdec-900-1250.jpg","og:image:secure_url":"https:\/\/www.gucbirjenerator.com\/wp-content\/uploads\/2024\/11\/Sdec-900-1250.jpg","og:image:width":2500,"og:image:height":2500,"article:published_time":"2024-07-23T07:24:20+00:00","article:modified_time":"2024-07-23T07:24:20+00:00","article:publisher":"https:\/\/www.facebook.com\/Gucbir\/","twitter:card":"summary_large_image","twitter:site":"@gucbirjenerator","twitter:title":"GJP110-ST | G\u00fc\u00e7bir Jenerat\u00f6r","twitter:description":"Generator Model GJP110-ST Standby kVA 110 kW 88 Prime kVA 100 kW 80 Engine Speed r.p.m 1500 Voltage V 230\/400 Power Factor Cos Phi 0,8","twitter:image":"https:\/\/www.gucbirjenerator.com\/wp-content\/uploads\/2024\/11\/Sdec-900-1250.jpg"},"aioseo_meta_data":{"post_id":"7500","title":"","description":"","keywords":"","keyphrases":"","primary_term":"","canonical_url":"","og_title":"","og_description":"","og_object_type":"default","og_image_type":"default","og_image_url":"","og_image_width":"0","og_image_height":"0","og_image_custom_url":"","og_image_custom_fields":"","og_video":"","og_custom_url":"","og_article_section":"","og_article_tags":"","twitter_use_og":false,"twitter_card":"default","twitter_image_type":"default","twitter_image_url":"","twitter_image_custom_url":"","twitter_image_custom_fields":"","twitter_title":"","twitter_description":"","schema":{"blockGraphs":[],"customGraphs":[],"default":{"data":{"Article":[],"Course":[],"Dataset":[],"FAQPage":[],"Movie":[],"Person":[],"Product":[],"ProductReview":[],"Car":[],"Recipe":[],"Service":[],"SoftwareApplication":[],"WebPage":[]},"graphName":"","isEnabled":true},"graphs":[]},"schema_type":"default","schema_type_options":"","pillar_content":false,"robots_default":true,"robots_noindex":false,"robots_noarchive":false,"robots_nosnippet":false,"robots_nofollow":false,"robots_noimageindex":false,"robots_noodp":false,"robots_notranslate":false,"robots_max_snippet":"0","robots_max_videopreview":"0","robots_max_imagepreview":"large","priority":0,"frequency":"","local_seo":"","seo_analyzer_scan_date":"2025-08-15 13:47:45","breadcrumb_settings":"","limit_modified_date":false,"reviewed_by":"0","open_ai":"\"\"","ai":"","created":"2025-10-08 07:07:49","updated":"2025-10-08 07:07:49"},"aioseo_breadcrumb":"<div class=\"aioseo-breadcrumbs\"><span class=\"aioseo-breadcrumb\">\n\t<a href=\"https:\/\/www.gucbirjenerator.com\/en\/\" title=\"Jenerat\u00f6r\">Jenerat\u00f6r<\/a>\n<\/span><span class=\"aioseo-breadcrumb-separator\">|<\/span><span class=\"aioseo-breadcrumb\">\n\t<a href=\"https:\/\/www.gucbirjenerator.com\/en\/product-category\/diesel-generator-sets\/\" title=\"Diesel Generator Sets\">Diesel Generator Sets<\/a>\n<\/span><span class=\"aioseo-breadcrumb-separator\">|<\/span><span class=\"aioseo-breadcrumb\">\n\t<a href=\"https:\/\/www.gucbirjenerator.com\/en\/product-category\/diesel-generator-sets\/perkins\/\" title=\"Perkins\">Perkins<\/a>\n<\/span><span class=\"aioseo-breadcrumb-separator\">|<\/span><span class=\"aioseo-breadcrumb\">\n\t<a href=\"https:\/\/www.gucbirjenerator.com\/en\/product-category\/diesel-generator-sets\/perkins\/stamford-perkins\/\" title=\"Perkins - Stamford\">Perkins - Stamford<\/a>\n<\/span><span class=\"aioseo-breadcrumb-separator\">|<\/span><span class=\"aioseo-breadcrumb\">\n\tGJP110-ST\n<\/span><\/div>","aioseo_breadcrumb_json":[{"label":"Jenerat\u00f6r","link":"https:\/\/www.gucbirjenerator.com\/en\/"},{"label":"Diesel Generator Sets","link":"https:\/\/www.gucbirjenerator.com\/en\/product-category\/diesel-generator-sets\/"},{"label":"Perkins","link":"https:\/\/www.gucbirjenerator.com\/en\/product-category\/diesel-generator-sets\/perkins\/"},{"label":"Perkins - Stamford","link":"https:\/\/www.gucbirjenerator.com\/en\/product-category\/diesel-generator-sets\/perkins\/stamford-perkins\/"},{"label":"GJP110-ST","link":"https:\/\/www.gucbirjenerator.com\/en\/urun\/gjp110-st\/"}],"_links":{"self":[{"href":"https:\/\/www.gucbirjenerator.com\/en\/wp-json\/wp\/v2\/product\/7500","targetHints":{"allow":["GET"]}}],"collection":[{"href":"https:\/\/www.gucbirjenerator.com\/en\/wp-json\/wp\/v2\/product"}],"about":[{"href":"https:\/\/www.gucbirjenerator.com\/en\/wp-json\/wp\/v2\/types\/product"}],"wp:featuredmedia":[{"embeddable":true,"href":"https:\/\/www.gucbirjenerator.com\/en\/wp-json\/wp\/v2\/media\/6107"}],"wp:attachment":[{"href":"https:\/\/www.gucbirjenerator.com\/en\/wp-json\/wp\/v2\/media?parent=7500"}],"wp:term":[{"taxonomy":"product_brand","embeddable":true,"href":"https:\/\/www.gucbirjenerator.com\/en\/wp-json\/wp\/v2\/product_brand?post=7500"},{"taxonomy":"product_cat","embeddable":true,"href":"https:\/\/www.gucbirjenerator.com\/en\/wp-json\/wp\/v2\/product_cat?post=7500"},{"taxonomy":"product_tag","embeddable":true,"href":"https:\/\/www.gucbirjenerator.com\/en\/wp-json\/wp\/v2\/product_tag?post=7500"}],"curies":[{"name":"wp","href":"https:\/\/api.w.org\/{rel}","templated":true}]}}