{"id":7076,"date":"2024-08-08T11:37:30","date_gmt":"2024-08-08T08:37:30","guid":{"rendered":"https:\/\/www.gucbirjenerator.com\/urun\/gjy15m-1-nsm\/"},"modified":"2024-08-08T11:37:30","modified_gmt":"2024-08-08T08:37:30","slug":"gjy15m-1-nsm","status":"publish","type":"product","link":"https:\/\/www.gucbirjenerator.com\/en\/urun\/gjy15m-1-nsm\/","title":{"rendered":"GJY15M-1-NSM"},"content":{"rendered":"<table width=\"322\">\n<tbody>\n<tr>\n<td width=\"176\">MODEL<\/td>\n<td width=\"146\">GJY15M-1-NSM<\/td>\n<\/tr>\n<tr>\n<td>PHASE<\/td>\n<td>1<\/td>\n<\/tr>\n<tr>\n<td>Maximum AC output kW<\/td>\n<td>15.3<\/td>\n<\/tr>\n<tr>\n<td>Frequency Hz<\/td>\n<td>50<\/td>\n<\/tr>\n<tr>\n<td>Acoustic Power<\/td>\n<td>52<\/td>\n<\/tr>\n<tr>\n<td>RPM<\/td>\n<td>1500<\/td>\n<\/tr>\n<\/tbody>\n<\/table>\n","protected":false},"excerpt":{"rendered":"<p>MODEL GJY15M-1-NSM PHASE 1 Maximum AC output kW 15.3 Frequency Hz 50 Acoustic Power 52 RPM 1500<\/p>\n","protected":false},"featured_media":6329,"template":"","meta":[],"product_brand":[],"product_cat":[6898],"product_tag":[],"class_list":{"0":"post-7076","1":"product","2":"type-product","3":"status-publish","4":"has-post-thumbnail","6":"product_cat-yanmar-marine-generators","8":"first","9":"instock","10":"shipping-taxable","11":"product-type-simple"},"aioseo_notices":[],"aioseo_head":"\n\t\t<!-- All in One SEO Pro 4.9.5.2 - aioseo.com -->\n\t<meta name=\"description\" content=\"MODEL GJY15M-1-NSM PHASE 1 Maximum AC output kW 15.3 Frequency Hz 50 Acoustic Power 52 RPM 1500\" \/>\n\t<meta name=\"robots\" content=\"max-image-preview:large\" \/>\n\t<link rel=\"canonical\" href=\"https:\/\/www.gucbirjenerator.com\/en\/urun\/gjy15m-1-nsm\/\" \/>\n\t<meta name=\"generator\" content=\"All in One SEO Pro (AIOSEO) 4.9.5.2\" \/>\n\n\t\t<meta name=\"google-site-verification\" content=\"4gQbJotLq2Jkk7uK7PBaLqoK2brFQzd0wTqle0IPH6s\" \/>\n\t\t<meta property=\"og:locale\" content=\"en_US\" \/>\n\t\t<meta property=\"og:site_name\" content=\"G\u00fc\u00e7bir Jenerat\u00f6r | Dizel Jenerat\u00f6r - Portatif Jenerat\u00f6r - Orta Gerilim Jenerat\u00f6r - DC Jenerat\u00f6r\" \/>\n\t\t<meta property=\"og:type\" content=\"article\" \/>\n\t\t<meta property=\"og:title\" content=\"GJY15M-1-NSM | G\u00fc\u00e7bir Jenerat\u00f6r\" \/>\n\t\t<meta property=\"og:description\" content=\"MODEL GJY15M-1-NSM PHASE 1 Maximum AC output kW 15.3 Frequency Hz 50 Acoustic Power 52 RPM 1500\" \/>\n\t\t<meta property=\"og:url\" content=\"https:\/\/www.gucbirjenerator.com\/en\/urun\/gjy15m-1-nsm\/\" \/>\n\t\t<meta property=\"og:image\" content=\"https:\/\/www.gucbirjenerator.com\/wp-content\/uploads\/2024\/11\/Sdec-900-1250.jpg\" \/>\n\t\t<meta property=\"og:image:secure_url\" content=\"https:\/\/www.gucbirjenerator.com\/wp-content\/uploads\/2024\/11\/Sdec-900-1250.jpg\" \/>\n\t\t<meta property=\"og:image:width\" content=\"2500\" \/>\n\t\t<meta property=\"og:image:height\" content=\"2500\" \/>\n\t\t<meta property=\"article:published_time\" content=\"2024-08-08T08:37:30+00:00\" \/>\n\t\t<meta property=\"article:modified_time\" content=\"2024-08-08T08:37:30+00:00\" \/>\n\t\t<meta property=\"article:publisher\" content=\"https:\/\/www.facebook.com\/Gucbir\/\" \/>\n\t\t<meta name=\"twitter:card\" content=\"summary_large_image\" \/>\n\t\t<meta name=\"twitter:site\" content=\"@gucbirjenerator\" \/>\n\t\t<meta name=\"twitter:title\" content=\"GJY15M-1-NSM | G\u00fc\u00e7bir Jenerat\u00f6r\" \/>\n\t\t<meta name=\"twitter:description\" content=\"MODEL GJY15M-1-NSM PHASE 1 Maximum AC output kW 15.3 Frequency Hz 50 Acoustic Power 52 RPM 1500\" \/>\n\t\t<meta name=\"twitter:image\" content=\"https:\/\/www.gucbirjenerator.com\/wp-content\/uploads\/2024\/11\/Sdec-900-1250.jpg\" \/>\n\t\t<script type=\"application\/ld+json\" class=\"aioseo-schema\">\n\t\t\t{\"@context\":\"https:\\\/\\\/schema.org\",\"@graph\":[{\"@type\":\"BreadcrumbList\",\"@id\":\"https:\\\/\\\/www.gucbirjenerator.com\\\/en\\\/urun\\\/gjy15m-1-nsm\\\/#breadcrumblist\",\"itemListElement\":[{\"@type\":\"ListItem\",\"@id\":\"https:\\\/\\\/www.gucbirjenerator.com\\\/en\\\/#listItem\",\"position\":1,\"name\":\"Jenerat\\u00f6r\",\"item\":\"https:\\\/\\\/www.gucbirjenerator.com\\\/en\\\/\",\"nextItem\":{\"@type\":\"ListItem\",\"@id\":\"https:\\\/\\\/www.gucbirjenerator.com\\\/en\\\/product-category\\\/marine-generators\\\/#listItem\",\"name\":\"Marine Generators\"}},{\"@type\":\"ListItem\",\"@id\":\"https:\\\/\\\/www.gucbirjenerator.com\\\/en\\\/product-category\\\/marine-generators\\\/#listItem\",\"position\":2,\"name\":\"Marine Generators\",\"item\":\"https:\\\/\\\/www.gucbirjenerator.com\\\/en\\\/product-category\\\/marine-generators\\\/\",\"nextItem\":{\"@type\":\"ListItem\",\"@id\":\"https:\\\/\\\/www.gucbirjenerator.com\\\/en\\\/product-category\\\/marine-generators\\\/yanmar-marine-generators\\\/#listItem\",\"name\":\"Yanmar Marine Generators\"},\"previousItem\":{\"@type\":\"ListItem\",\"@id\":\"https:\\\/\\\/www.gucbirjenerator.com\\\/en\\\/#listItem\",\"name\":\"Jenerat\\u00f6r\"}},{\"@type\":\"ListItem\",\"@id\":\"https:\\\/\\\/www.gucbirjenerator.com\\\/en\\\/product-category\\\/marine-generators\\\/yanmar-marine-generators\\\/#listItem\",\"position\":3,\"name\":\"Yanmar Marine Generators\",\"item\":\"https:\\\/\\\/www.gucbirjenerator.com\\\/en\\\/product-category\\\/marine-generators\\\/yanmar-marine-generators\\\/\",\"nextItem\":{\"@type\":\"ListItem\",\"@id\":\"https:\\\/\\\/www.gucbirjenerator.com\\\/en\\\/urun\\\/gjy15m-1-nsm\\\/#listItem\",\"name\":\"GJY15M-1-NSM\"},\"previousItem\":{\"@type\":\"ListItem\",\"@id\":\"https:\\\/\\\/www.gucbirjenerator.com\\\/en\\\/product-category\\\/marine-generators\\\/#listItem\",\"name\":\"Marine Generators\"}},{\"@type\":\"ListItem\",\"@id\":\"https:\\\/\\\/www.gucbirjenerator.com\\\/en\\\/urun\\\/gjy15m-1-nsm\\\/#listItem\",\"position\":4,\"name\":\"GJY15M-1-NSM\",\"previousItem\":{\"@type\":\"ListItem\",\"@id\":\"https:\\\/\\\/www.gucbirjenerator.com\\\/en\\\/product-category\\\/marine-generators\\\/yanmar-marine-generators\\\/#listItem\",\"name\":\"Yanmar Marine Generators\"}}]},{\"@type\":\"Organization\",\"@id\":\"https:\\\/\\\/www.gucbirjenerator.com\\\/en\\\/#organization\",\"name\":\"G\\u00fc\\u00e7bir Jenerat\\u00f6r\",\"description\":\"Dizel Jenerat\\u00f6r - Portatif Jenerat\\u00f6r - Orta Gerilim Jenerat\\u00f6r - DC Jenerat\\u00f6r\",\"url\":\"https:\\\/\\\/www.gucbirjenerator.com\\\/en\\\/\",\"email\":\"info@gucbirjenerator.com\",\"telephone\":\"+902163127979\",\"logo\":{\"@type\":\"ImageObject\",\"url\":\"https:\\\/\\\/www.gucbirjenerator.com\\\/wp-content\\\/uploads\\\/2024\\\/04\\\/LOGO.png\",\"@id\":\"https:\\\/\\\/www.gucbirjenerator.com\\\/en\\\/urun\\\/gjy15m-1-nsm\\\/#organizationLogo\",\"width\":500,\"height\":194},\"image\":{\"@id\":\"https:\\\/\\\/www.gucbirjenerator.com\\\/en\\\/urun\\\/gjy15m-1-nsm\\\/#organizationLogo\"},\"sameAs\":[\"https:\\\/\\\/www.facebook.com\\\/Gucbir\\\/\",\"https:\\\/\\\/x.com\\\/gucbirjenerator\",\"https:\\\/\\\/www.instagram.com\\\/gucbirjenerator\\\/\",\"https:\\\/\\\/www.youtube.com\\\/channel\\\/UCDAQMIeq8KkEwJ_UmLyiMQg\",\"https:\\\/\\\/www.linkedin.com\\\/company\\\/gucbirjenerator\\\/\"],\"address\":{\"@id\":\"https:\\\/\\\/www.gucbirjenerator.com\\\/en\\\/#postaladdress\",\"@type\":\"PostalAddress\",\"streetAddress\":\"\\u015eerifali, Tavuk\\u00e7uyolu Cd No:200,34775, \\u00dcmraniye\\\/\\u0130stanbul\",\"postalCode\":\"34775\",\"addressLocality\":\"\\u0130STANBUL\",\"addressCountry\":\"TR\"}},{\"@type\":\"Product\",\"@id\":\"https:\\\/\\\/www.gucbirjenerator.com\\\/en\\\/urun\\\/gjy15m-1-nsm\\\/#wooCommerceProduct\",\"name\":\"GJY15M-1-NSM\",\"description\":\"MODEL GJY15M-1-NSM PHASE 1 Maximum AC output kW 15.3 Frequency Hz 50 Acoustic Power 52 RPM 1500\",\"url\":\"https:\\\/\\\/www.gucbirjenerator.com\\\/en\\\/urun\\\/gjy15m-1-nsm\\\/\",\"image\":{\"@type\":\"ImageObject\",\"url\":\"https:\\\/\\\/www.gucbirjenerator.com\\\/wp-content\\\/uploads\\\/2024\\\/08\\\/yanmar-marine.jpg\",\"@id\":\"https:\\\/\\\/www.gucbirjenerator.com\\\/en\\\/urun\\\/gjy15m-1-nsm\\\/#productImage\",\"width\":2500,\"height\":2500},\"offers\":{\"@type\":\"Offer\",\"url\":\"https:\\\/\\\/www.gucbirjenerator.com\\\/en\\\/urun\\\/gjy15m-1-nsm\\\/#wooCommerceOffer\",\"price\":0,\"priceCurrency\":\"TRY\",\"category\":\"Yanmar Marine Generators\",\"availability\":\"https:\\\/\\\/schema.org\\\/InStock\",\"seller\":{\"@type\":\"Organization\",\"@id\":\"https:\\\/\\\/www.gucbirjenerator.com\\\/en\\\/#organization\"}}},{\"@type\":\"WebPage\",\"@id\":\"https:\\\/\\\/www.gucbirjenerator.com\\\/en\\\/urun\\\/gjy15m-1-nsm\\\/#webpage\",\"url\":\"https:\\\/\\\/www.gucbirjenerator.com\\\/en\\\/urun\\\/gjy15m-1-nsm\\\/\",\"name\":\"GJY15M-1-NSM | G\\u00fc\\u00e7bir Jenerat\\u00f6r\",\"description\":\"MODEL GJY15M-1-NSM PHASE 1 Maximum AC output kW 15.3 Frequency Hz 50 Acoustic Power 52 RPM 1500\",\"inLanguage\":\"en-US\",\"isPartOf\":{\"@id\":\"https:\\\/\\\/www.gucbirjenerator.com\\\/en\\\/#website\"},\"breadcrumb\":{\"@id\":\"https:\\\/\\\/www.gucbirjenerator.com\\\/en\\\/urun\\\/gjy15m-1-nsm\\\/#breadcrumblist\"},\"image\":{\"@type\":\"ImageObject\",\"url\":\"https:\\\/\\\/www.gucbirjenerator.com\\\/wp-content\\\/uploads\\\/2024\\\/08\\\/yanmar-marine.jpg\",\"@id\":\"https:\\\/\\\/www.gucbirjenerator.com\\\/en\\\/urun\\\/gjy15m-1-nsm\\\/#mainImage\",\"width\":2500,\"height\":2500},\"primaryImageOfPage\":{\"@id\":\"https:\\\/\\\/www.gucbirjenerator.com\\\/en\\\/urun\\\/gjy15m-1-nsm\\\/#mainImage\"},\"datePublished\":\"2024-08-08T11:37:30+03:00\",\"dateModified\":\"2024-08-08T11:37:30+03:00\"},{\"@type\":\"WebSite\",\"@id\":\"https:\\\/\\\/www.gucbirjenerator.com\\\/en\\\/#website\",\"url\":\"https:\\\/\\\/www.gucbirjenerator.com\\\/en\\\/\",\"name\":\"G\\u00fc\\u00e7bir Jenerat\\u00f6r\",\"alternateName\":\"G\\u00fc\\u00e7bir Jenerator\",\"description\":\"Dizel Jenerat\\u00f6r - Portatif Jenerat\\u00f6r - Orta Gerilim Jenerat\\u00f6r - DC Jenerat\\u00f6r\",\"inLanguage\":\"en-US\",\"publisher\":{\"@id\":\"https:\\\/\\\/www.gucbirjenerator.com\\\/en\\\/#organization\"}}]}\n\t\t<\/script>\n\t\t<!-- All in One SEO Pro -->\r\n\t\t<title>GJY15M-1-NSM | G\u00fc\u00e7bir Jenerat\u00f6r<\/title>\n\n","aioseo_head_json":{"title":"GJY15M-1-NSM | G\u00fc\u00e7bir Jenerat\u00f6r","description":"MODEL GJY15M-1-NSM PHASE 1 Maximum AC output kW 15.3 Frequency Hz 50 Acoustic Power 52 RPM 1500","canonical_url":"https:\/\/www.gucbirjenerator.com\/en\/urun\/gjy15m-1-nsm\/","robots":"max-image-preview:large","keywords":"","webmasterTools":{"miscellaneous":"&lt;meta name=\"google-site-verification\" content=\"4gQbJotLq2Jkk7uK7PBaLqoK2brFQzd0wTqle0IPH6s\" \/&gt;"},"schema":{"@context":"https:\/\/schema.org","@graph":[{"@type":"BreadcrumbList","@id":"https:\/\/www.gucbirjenerator.com\/en\/urun\/gjy15m-1-nsm\/#breadcrumblist","itemListElement":[{"@type":"ListItem","@id":"https:\/\/www.gucbirjenerator.com\/en\/#listItem","position":1,"name":"Jenerat\u00f6r","item":"https:\/\/www.gucbirjenerator.com\/en\/","nextItem":{"@type":"ListItem","@id":"https:\/\/www.gucbirjenerator.com\/en\/product-category\/marine-generators\/#listItem","name":"Marine Generators"}},{"@type":"ListItem","@id":"https:\/\/www.gucbirjenerator.com\/en\/product-category\/marine-generators\/#listItem","position":2,"name":"Marine Generators","item":"https:\/\/www.gucbirjenerator.com\/en\/product-category\/marine-generators\/","nextItem":{"@type":"ListItem","@id":"https:\/\/www.gucbirjenerator.com\/en\/product-category\/marine-generators\/yanmar-marine-generators\/#listItem","name":"Yanmar Marine Generators"},"previousItem":{"@type":"ListItem","@id":"https:\/\/www.gucbirjenerator.com\/en\/#listItem","name":"Jenerat\u00f6r"}},{"@type":"ListItem","@id":"https:\/\/www.gucbirjenerator.com\/en\/product-category\/marine-generators\/yanmar-marine-generators\/#listItem","position":3,"name":"Yanmar Marine Generators","item":"https:\/\/www.gucbirjenerator.com\/en\/product-category\/marine-generators\/yanmar-marine-generators\/","nextItem":{"@type":"ListItem","@id":"https:\/\/www.gucbirjenerator.com\/en\/urun\/gjy15m-1-nsm\/#listItem","name":"GJY15M-1-NSM"},"previousItem":{"@type":"ListItem","@id":"https:\/\/www.gucbirjenerator.com\/en\/product-category\/marine-generators\/#listItem","name":"Marine Generators"}},{"@type":"ListItem","@id":"https:\/\/www.gucbirjenerator.com\/en\/urun\/gjy15m-1-nsm\/#listItem","position":4,"name":"GJY15M-1-NSM","previousItem":{"@type":"ListItem","@id":"https:\/\/www.gucbirjenerator.com\/en\/product-category\/marine-generators\/yanmar-marine-generators\/#listItem","name":"Yanmar Marine Generators"}}]},{"@type":"Organization","@id":"https:\/\/www.gucbirjenerator.com\/en\/#organization","name":"G\u00fc\u00e7bir Jenerat\u00f6r","description":"Dizel Jenerat\u00f6r - Portatif Jenerat\u00f6r - Orta Gerilim Jenerat\u00f6r - DC Jenerat\u00f6r","url":"https:\/\/www.gucbirjenerator.com\/en\/","email":"info@gucbirjenerator.com","telephone":"+902163127979","logo":{"@type":"ImageObject","url":"https:\/\/www.gucbirjenerator.com\/wp-content\/uploads\/2024\/04\/LOGO.png","@id":"https:\/\/www.gucbirjenerator.com\/en\/urun\/gjy15m-1-nsm\/#organizationLogo","width":500,"height":194},"image":{"@id":"https:\/\/www.gucbirjenerator.com\/en\/urun\/gjy15m-1-nsm\/#organizationLogo"},"sameAs":["https:\/\/www.facebook.com\/Gucbir\/","https:\/\/x.com\/gucbirjenerator","https:\/\/www.instagram.com\/gucbirjenerator\/","https:\/\/www.youtube.com\/channel\/UCDAQMIeq8KkEwJ_UmLyiMQg","https:\/\/www.linkedin.com\/company\/gucbirjenerator\/"],"address":{"@id":"https:\/\/www.gucbirjenerator.com\/en\/#postaladdress","@type":"PostalAddress","streetAddress":"\u015eerifali, Tavuk\u00e7uyolu Cd No:200,34775, \u00dcmraniye\/\u0130stanbul","postalCode":"34775","addressLocality":"\u0130STANBUL","addressCountry":"TR"}},{"@type":"Product","@id":"https:\/\/www.gucbirjenerator.com\/en\/urun\/gjy15m-1-nsm\/#wooCommerceProduct","name":"GJY15M-1-NSM","description":"MODEL GJY15M-1-NSM PHASE 1 Maximum AC output kW 15.3 Frequency Hz 50 Acoustic Power 52 RPM 1500","url":"https:\/\/www.gucbirjenerator.com\/en\/urun\/gjy15m-1-nsm\/","image":{"@type":"ImageObject","url":"https:\/\/www.gucbirjenerator.com\/wp-content\/uploads\/2024\/08\/yanmar-marine.jpg","@id":"https:\/\/www.gucbirjenerator.com\/en\/urun\/gjy15m-1-nsm\/#productImage","width":2500,"height":2500},"offers":{"@type":"Offer","url":"https:\/\/www.gucbirjenerator.com\/en\/urun\/gjy15m-1-nsm\/#wooCommerceOffer","price":0,"priceCurrency":"TRY","category":"Yanmar Marine Generators","availability":"https:\/\/schema.org\/InStock","seller":{"@type":"Organization","@id":"https:\/\/www.gucbirjenerator.com\/en\/#organization"}}},{"@type":"WebPage","@id":"https:\/\/www.gucbirjenerator.com\/en\/urun\/gjy15m-1-nsm\/#webpage","url":"https:\/\/www.gucbirjenerator.com\/en\/urun\/gjy15m-1-nsm\/","name":"GJY15M-1-NSM | G\u00fc\u00e7bir Jenerat\u00f6r","description":"MODEL GJY15M-1-NSM PHASE 1 Maximum AC output kW 15.3 Frequency Hz 50 Acoustic Power 52 RPM 1500","inLanguage":"en-US","isPartOf":{"@id":"https:\/\/www.gucbirjenerator.com\/en\/#website"},"breadcrumb":{"@id":"https:\/\/www.gucbirjenerator.com\/en\/urun\/gjy15m-1-nsm\/#breadcrumblist"},"image":{"@type":"ImageObject","url":"https:\/\/www.gucbirjenerator.com\/wp-content\/uploads\/2024\/08\/yanmar-marine.jpg","@id":"https:\/\/www.gucbirjenerator.com\/en\/urun\/gjy15m-1-nsm\/#mainImage","width":2500,"height":2500},"primaryImageOfPage":{"@id":"https:\/\/www.gucbirjenerator.com\/en\/urun\/gjy15m-1-nsm\/#mainImage"},"datePublished":"2024-08-08T11:37:30+03:00","dateModified":"2024-08-08T11:37:30+03:00"},{"@type":"WebSite","@id":"https:\/\/www.gucbirjenerator.com\/en\/#website","url":"https:\/\/www.gucbirjenerator.com\/en\/","name":"G\u00fc\u00e7bir Jenerat\u00f6r","alternateName":"G\u00fc\u00e7bir Jenerator","description":"Dizel Jenerat\u00f6r - Portatif Jenerat\u00f6r - Orta Gerilim Jenerat\u00f6r - DC Jenerat\u00f6r","inLanguage":"en-US","publisher":{"@id":"https:\/\/www.gucbirjenerator.com\/en\/#organization"}}]},"og:locale":"en_US","og:site_name":"G\u00fc\u00e7bir Jenerat\u00f6r | Dizel Jenerat\u00f6r - Portatif Jenerat\u00f6r - Orta Gerilim Jenerat\u00f6r - DC Jenerat\u00f6r","og:type":"article","og:title":"GJY15M-1-NSM | G\u00fc\u00e7bir Jenerat\u00f6r","og:description":"MODEL GJY15M-1-NSM PHASE 1 Maximum AC output kW 15.3 Frequency Hz 50 Acoustic Power 52 RPM 1500","og:url":"https:\/\/www.gucbirjenerator.com\/en\/urun\/gjy15m-1-nsm\/","og:image":"https:\/\/www.gucbirjenerator.com\/wp-content\/uploads\/2024\/11\/Sdec-900-1250.jpg","og:image:secure_url":"https:\/\/www.gucbirjenerator.com\/wp-content\/uploads\/2024\/11\/Sdec-900-1250.jpg","og:image:width":2500,"og:image:height":2500,"article:published_time":"2024-08-08T08:37:30+00:00","article:modified_time":"2024-08-08T08:37:30+00:00","article:publisher":"https:\/\/www.facebook.com\/Gucbir\/","twitter:card":"summary_large_image","twitter:site":"@gucbirjenerator","twitter:title":"GJY15M-1-NSM | G\u00fc\u00e7bir Jenerat\u00f6r","twitter:description":"MODEL GJY15M-1-NSM PHASE 1 Maximum AC output kW 15.3 Frequency Hz 50 Acoustic Power 52 RPM 1500","twitter:image":"https:\/\/www.gucbirjenerator.com\/wp-content\/uploads\/2024\/11\/Sdec-900-1250.jpg"},"aioseo_meta_data":{"post_id":"7076","title":"","description":"","keywords":"","keyphrases":"","primary_term":"","canonical_url":"","og_title":"","og_description":"","og_object_type":"default","og_image_type":"default","og_image_url":"","og_image_width":"0","og_image_height":"0","og_image_custom_url":"","og_image_custom_fields":"","og_video":"","og_custom_url":"","og_article_section":"","og_article_tags":"","twitter_use_og":false,"twitter_card":"default","twitter_image_type":"default","twitter_image_url":"","twitter_image_custom_url":"","twitter_image_custom_fields":"","twitter_title":"","twitter_description":"","schema":{"blockGraphs":[],"customGraphs":[],"default":{"data":{"Article":[],"Course":[],"Dataset":[],"FAQPage":[],"Movie":[],"Person":[],"Product":[],"ProductReview":[],"Car":[],"Recipe":[],"Service":[],"SoftwareApplication":[],"WebPage":[]},"graphName":"","isEnabled":true},"graphs":[]},"schema_type":"default","schema_type_options":"","pillar_content":false,"robots_default":true,"robots_noindex":false,"robots_noarchive":false,"robots_nosnippet":false,"robots_nofollow":false,"robots_noimageindex":false,"robots_noodp":false,"robots_notranslate":false,"robots_max_snippet":"0","robots_max_videopreview":"0","robots_max_imagepreview":"large","priority":0,"frequency":"","local_seo":"","seo_analyzer_scan_date":"2025-08-15 20:37:43","breadcrumb_settings":"","limit_modified_date":false,"reviewed_by":"0","open_ai":"\"\"","ai":"","created":"2025-10-08 06:31:53","updated":"2025-10-08 06:31:53"},"aioseo_breadcrumb":"<div class=\"aioseo-breadcrumbs\"><span class=\"aioseo-breadcrumb\">\n\t<a href=\"https:\/\/www.gucbirjenerator.com\/en\/\" title=\"Jenerat\u00f6r\">Jenerat\u00f6r<\/a>\n<\/span><span class=\"aioseo-breadcrumb-separator\">|<\/span><span class=\"aioseo-breadcrumb\">\n\t<a href=\"https:\/\/www.gucbirjenerator.com\/en\/product-category\/marine-generators\/\" title=\"Marine Generators\">Marine Generators<\/a>\n<\/span><span class=\"aioseo-breadcrumb-separator\">|<\/span><span class=\"aioseo-breadcrumb\">\n\t<a href=\"https:\/\/www.gucbirjenerator.com\/en\/product-category\/marine-generators\/yanmar-marine-generators\/\" title=\"Yanmar Marine Generators\">Yanmar Marine Generators<\/a>\n<\/span><span class=\"aioseo-breadcrumb-separator\">|<\/span><span class=\"aioseo-breadcrumb\">\n\tGJY15M-1-NSM\n<\/span><\/div>","aioseo_breadcrumb_json":[{"label":"Jenerat\u00f6r","link":"https:\/\/www.gucbirjenerator.com\/en\/"},{"label":"Marine Generators","link":"https:\/\/www.gucbirjenerator.com\/en\/product-category\/marine-generators\/"},{"label":"Yanmar Marine Generators","link":"https:\/\/www.gucbirjenerator.com\/en\/product-category\/marine-generators\/yanmar-marine-generators\/"},{"label":"GJY15M-1-NSM","link":"https:\/\/www.gucbirjenerator.com\/en\/urun\/gjy15m-1-nsm\/"}],"_links":{"self":[{"href":"https:\/\/www.gucbirjenerator.com\/en\/wp-json\/wp\/v2\/product\/7076","targetHints":{"allow":["GET"]}}],"collection":[{"href":"https:\/\/www.gucbirjenerator.com\/en\/wp-json\/wp\/v2\/product"}],"about":[{"href":"https:\/\/www.gucbirjenerator.com\/en\/wp-json\/wp\/v2\/types\/product"}],"wp:featuredmedia":[{"embeddable":true,"href":"https:\/\/www.gucbirjenerator.com\/en\/wp-json\/wp\/v2\/media\/6329"}],"wp:attachment":[{"href":"https:\/\/www.gucbirjenerator.com\/en\/wp-json\/wp\/v2\/media?parent=7076"}],"wp:term":[{"taxonomy":"product_brand","embeddable":true,"href":"https:\/\/www.gucbirjenerator.com\/en\/wp-json\/wp\/v2\/product_brand?post=7076"},{"taxonomy":"product_cat","embeddable":true,"href":"https:\/\/www.gucbirjenerator.com\/en\/wp-json\/wp\/v2\/product_cat?post=7076"},{"taxonomy":"product_tag","embeddable":true,"href":"https:\/\/www.gucbirjenerator.com\/en\/wp-json\/wp\/v2\/product_tag?post=7076"}],"curies":[{"name":"wp","href":"https:\/\/api.w.org\/{rel}","templated":true}]}}