{"id":6982,"date":"2024-08-01T14:55:23","date_gmt":"2024-08-01T11:55:23","guid":{"rendered":"https:\/\/www.gucbirjenerator.com\/urun\/gjc165-ls1\/"},"modified":"2025-11-06T09:43:49","modified_gmt":"2025-11-06T06:43:49","slug":"gjc165-ls1","status":"publish","type":"product","link":"https:\/\/www.gucbirjenerator.com\/en\/urun\/gjc165-ls1\/","title":{"rendered":"GJC165-LS1"},"content":{"rendered":"<table width=\"497\">\n<tbody>\n<tr>\n<td width=\"212\">Model<\/td>\n<td width=\"52\"><\/td>\n<td width=\"233\">GJC165-LS1<\/td>\n<\/tr>\n<tr>\n<td>Standby<\/td>\n<td>kVA<\/td>\n<td>165<\/td>\n<\/tr>\n<tr>\n<td>Standby<\/td>\n<td>kW<\/td>\n<td>132<\/td>\n<\/tr>\n<tr>\n<td>Prime<\/td>\n<td>kVA<\/td>\n<td>150<\/td>\n<\/tr>\n<tr>\n<td>Prime<\/td>\n<td>kW<\/td>\n<td>120<\/td>\n<\/tr>\n<tr>\n<td>Engine Speed<\/td>\n<td>r.p.m<\/td>\n<td>1500<\/td>\n<\/tr>\n<tr>\n<td>Voltage<\/td>\n<td>V<\/td>\n<td>230\/400<\/td>\n<\/tr>\n<tr>\n<td>Power Factor<\/td>\n<td>Cos Phi<\/td>\n<td>0,8<\/td>\n<\/tr>\n<\/tbody>\n<\/table>\n","protected":false},"excerpt":{"rendered":"<p>Model GJC165-LS1 Standby kVA 165 Standby kW 132 Prime kVA 150 Prime kW 120 Engine Speed r.p.m 1500 Voltage V 230\/400 Power Factor Cos Phi 0,8<\/p>\n","protected":false},"featured_media":6300,"template":"","meta":[],"product_brand":[],"product_cat":[6846],"product_tag":[],"class_list":{"0":"post-6982","1":"product","2":"type-product","3":"status-publish","4":"has-post-thumbnail","6":"product_cat-leroy-somer-cummins","8":"first","9":"instock","10":"shipping-taxable","11":"product-type-simple"},"aioseo_notices":[],"aioseo_head":"\n\t\t<!-- All in One SEO Pro 4.9.5.2 - aioseo.com -->\n\t<meta name=\"description\" content=\"Model GJC165-LS1 Standby kVA 165 Standby kW 132 Prime kVA 150 Prime kW 120 Engine Speed r.p.m 1500 Voltage V 230\/400 Power Factor Cos Phi 0,8\" \/>\n\t<meta name=\"robots\" content=\"max-image-preview:large\" \/>\n\t<link rel=\"canonical\" href=\"https:\/\/www.gucbirjenerator.com\/en\/urun\/gjc165-ls1\/\" \/>\n\t<meta name=\"generator\" content=\"All in One SEO Pro (AIOSEO) 4.9.5.2\" \/>\n\n\t\t<meta name=\"google-site-verification\" content=\"4gQbJotLq2Jkk7uK7PBaLqoK2brFQzd0wTqle0IPH6s\" \/>\n\t\t<meta property=\"og:locale\" content=\"en_US\" \/>\n\t\t<meta property=\"og:site_name\" content=\"G\u00fc\u00e7bir Jenerat\u00f6r | Dizel Jenerat\u00f6r - Portatif Jenerat\u00f6r - Orta Gerilim Jenerat\u00f6r - DC Jenerat\u00f6r\" \/>\n\t\t<meta property=\"og:type\" content=\"article\" \/>\n\t\t<meta property=\"og:title\" content=\"GJC165-LS1 | G\u00fc\u00e7bir Jenerat\u00f6r\" \/>\n\t\t<meta property=\"og:description\" content=\"Model GJC165-LS1 Standby kVA 165 Standby kW 132 Prime kVA 150 Prime kW 120 Engine Speed r.p.m 1500 Voltage V 230\/400 Power Factor Cos Phi 0,8\" \/>\n\t\t<meta property=\"og:url\" content=\"https:\/\/www.gucbirjenerator.com\/en\/urun\/gjc165-ls1\/\" \/>\n\t\t<meta property=\"og:image\" content=\"https:\/\/www.gucbirjenerator.com\/wp-content\/uploads\/2024\/11\/Sdec-900-1250.jpg\" \/>\n\t\t<meta property=\"og:image:secure_url\" content=\"https:\/\/www.gucbirjenerator.com\/wp-content\/uploads\/2024\/11\/Sdec-900-1250.jpg\" \/>\n\t\t<meta property=\"og:image:width\" content=\"2500\" \/>\n\t\t<meta property=\"og:image:height\" content=\"2500\" \/>\n\t\t<meta property=\"article:published_time\" content=\"2024-08-01T11:55:23+00:00\" \/>\n\t\t<meta property=\"article:modified_time\" content=\"2025-11-06T06:43:49+00:00\" \/>\n\t\t<meta property=\"article:publisher\" content=\"https:\/\/www.facebook.com\/Gucbir\/\" \/>\n\t\t<meta name=\"twitter:card\" content=\"summary_large_image\" \/>\n\t\t<meta name=\"twitter:site\" content=\"@gucbirjenerator\" \/>\n\t\t<meta name=\"twitter:title\" content=\"GJC165-LS1 | G\u00fc\u00e7bir Jenerat\u00f6r\" \/>\n\t\t<meta name=\"twitter:description\" content=\"Model GJC165-LS1 Standby kVA 165 Standby kW 132 Prime kVA 150 Prime kW 120 Engine Speed r.p.m 1500 Voltage V 230\/400 Power Factor Cos Phi 0,8\" \/>\n\t\t<meta name=\"twitter:image\" content=\"https:\/\/www.gucbirjenerator.com\/wp-content\/uploads\/2024\/11\/Sdec-900-1250.jpg\" \/>\n\t\t<script type=\"application\/ld+json\" class=\"aioseo-schema\">\n\t\t\t{\"@context\":\"https:\\\/\\\/schema.org\",\"@graph\":[{\"@type\":\"BreadcrumbList\",\"@id\":\"https:\\\/\\\/www.gucbirjenerator.com\\\/en\\\/urun\\\/gjc165-ls1\\\/#breadcrumblist\",\"itemListElement\":[{\"@type\":\"ListItem\",\"@id\":\"https:\\\/\\\/www.gucbirjenerator.com\\\/en\\\/#listItem\",\"position\":1,\"name\":\"Jenerat\\u00f6r\",\"item\":\"https:\\\/\\\/www.gucbirjenerator.com\\\/en\\\/\",\"nextItem\":{\"@type\":\"ListItem\",\"@id\":\"https:\\\/\\\/www.gucbirjenerator.com\\\/en\\\/product-category\\\/diesel-generator-sets\\\/#listItem\",\"name\":\"Diesel Generator Sets\"}},{\"@type\":\"ListItem\",\"@id\":\"https:\\\/\\\/www.gucbirjenerator.com\\\/en\\\/product-category\\\/diesel-generator-sets\\\/#listItem\",\"position\":2,\"name\":\"Diesel Generator Sets\",\"item\":\"https:\\\/\\\/www.gucbirjenerator.com\\\/en\\\/product-category\\\/diesel-generator-sets\\\/\",\"nextItem\":{\"@type\":\"ListItem\",\"@id\":\"https:\\\/\\\/www.gucbirjenerator.com\\\/en\\\/product-category\\\/diesel-generator-sets\\\/cummins\\\/#listItem\",\"name\":\"Cummins\"},\"previousItem\":{\"@type\":\"ListItem\",\"@id\":\"https:\\\/\\\/www.gucbirjenerator.com\\\/en\\\/#listItem\",\"name\":\"Jenerat\\u00f6r\"}},{\"@type\":\"ListItem\",\"@id\":\"https:\\\/\\\/www.gucbirjenerator.com\\\/en\\\/product-category\\\/diesel-generator-sets\\\/cummins\\\/#listItem\",\"position\":3,\"name\":\"Cummins\",\"item\":\"https:\\\/\\\/www.gucbirjenerator.com\\\/en\\\/product-category\\\/diesel-generator-sets\\\/cummins\\\/\",\"nextItem\":{\"@type\":\"ListItem\",\"@id\":\"https:\\\/\\\/www.gucbirjenerator.com\\\/en\\\/product-category\\\/diesel-generator-sets\\\/cummins\\\/leroy-somer-cummins\\\/#listItem\",\"name\":\"Cummins - Leroy Somer\"},\"previousItem\":{\"@type\":\"ListItem\",\"@id\":\"https:\\\/\\\/www.gucbirjenerator.com\\\/en\\\/product-category\\\/diesel-generator-sets\\\/#listItem\",\"name\":\"Diesel Generator Sets\"}},{\"@type\":\"ListItem\",\"@id\":\"https:\\\/\\\/www.gucbirjenerator.com\\\/en\\\/product-category\\\/diesel-generator-sets\\\/cummins\\\/leroy-somer-cummins\\\/#listItem\",\"position\":4,\"name\":\"Cummins - Leroy Somer\",\"item\":\"https:\\\/\\\/www.gucbirjenerator.com\\\/en\\\/product-category\\\/diesel-generator-sets\\\/cummins\\\/leroy-somer-cummins\\\/\",\"nextItem\":{\"@type\":\"ListItem\",\"@id\":\"https:\\\/\\\/www.gucbirjenerator.com\\\/en\\\/urun\\\/gjc165-ls1\\\/#listItem\",\"name\":\"GJC165-LS1\"},\"previousItem\":{\"@type\":\"ListItem\",\"@id\":\"https:\\\/\\\/www.gucbirjenerator.com\\\/en\\\/product-category\\\/diesel-generator-sets\\\/cummins\\\/#listItem\",\"name\":\"Cummins\"}},{\"@type\":\"ListItem\",\"@id\":\"https:\\\/\\\/www.gucbirjenerator.com\\\/en\\\/urun\\\/gjc165-ls1\\\/#listItem\",\"position\":5,\"name\":\"GJC165-LS1\",\"previousItem\":{\"@type\":\"ListItem\",\"@id\":\"https:\\\/\\\/www.gucbirjenerator.com\\\/en\\\/product-category\\\/diesel-generator-sets\\\/cummins\\\/leroy-somer-cummins\\\/#listItem\",\"name\":\"Cummins - Leroy Somer\"}}]},{\"@type\":\"Organization\",\"@id\":\"https:\\\/\\\/www.gucbirjenerator.com\\\/en\\\/#organization\",\"name\":\"G\\u00fc\\u00e7bir Jenerat\\u00f6r\",\"description\":\"Dizel Jenerat\\u00f6r - Portatif Jenerat\\u00f6r - Orta Gerilim Jenerat\\u00f6r - DC Jenerat\\u00f6r\",\"url\":\"https:\\\/\\\/www.gucbirjenerator.com\\\/en\\\/\",\"email\":\"info@gucbirjenerator.com\",\"telephone\":\"+902163127979\",\"logo\":{\"@type\":\"ImageObject\",\"url\":\"https:\\\/\\\/www.gucbirjenerator.com\\\/wp-content\\\/uploads\\\/2024\\\/04\\\/LOGO.png\",\"@id\":\"https:\\\/\\\/www.gucbirjenerator.com\\\/en\\\/urun\\\/gjc165-ls1\\\/#organizationLogo\",\"width\":500,\"height\":194},\"image\":{\"@id\":\"https:\\\/\\\/www.gucbirjenerator.com\\\/en\\\/urun\\\/gjc165-ls1\\\/#organizationLogo\"},\"sameAs\":[\"https:\\\/\\\/www.facebook.com\\\/Gucbir\\\/\",\"https:\\\/\\\/x.com\\\/gucbirjenerator\",\"https:\\\/\\\/www.instagram.com\\\/gucbirjenerator\\\/\",\"https:\\\/\\\/www.youtube.com\\\/channel\\\/UCDAQMIeq8KkEwJ_UmLyiMQg\",\"https:\\\/\\\/www.linkedin.com\\\/company\\\/gucbirjenerator\\\/\"],\"address\":{\"@id\":\"https:\\\/\\\/www.gucbirjenerator.com\\\/en\\\/#postaladdress\",\"@type\":\"PostalAddress\",\"streetAddress\":\"\\u015eerifali, Tavuk\\u00e7uyolu Cd No:200,34775, \\u00dcmraniye\\\/\\u0130stanbul\",\"postalCode\":\"34775\",\"addressLocality\":\"\\u0130STANBUL\",\"addressCountry\":\"TR\"}},{\"@type\":\"Product\",\"@id\":\"https:\\\/\\\/www.gucbirjenerator.com\\\/en\\\/urun\\\/gjc165-ls1\\\/#wooCommerceProduct\",\"name\":\"GJC165-LS1\",\"description\":\"Model GJC165-LS1 Standby kVA 165 Standby kW 132 Prime kVA 150 Prime kW 120 Engine Speed r.p.m 1500 Voltage V 230\\\/400 Power Factor Cos Phi 0,8\",\"url\":\"https:\\\/\\\/www.gucbirjenerator.com\\\/en\\\/urun\\\/gjc165-ls1\\\/\",\"image\":{\"@type\":\"ImageObject\",\"url\":\"https:\\\/\\\/www.gucbirjenerator.com\\\/wp-content\\\/uploads\\\/2024\\\/08\\\/cummins-100-175.webp\",\"@id\":\"https:\\\/\\\/www.gucbirjenerator.com\\\/en\\\/urun\\\/gjc165-ls1\\\/#productImage\",\"width\":2500,\"height\":2500},\"offers\":{\"@type\":\"Offer\",\"url\":\"https:\\\/\\\/www.gucbirjenerator.com\\\/en\\\/urun\\\/gjc165-ls1\\\/#wooCommerceOffer\",\"price\":0,\"priceCurrency\":\"TRY\",\"category\":\"Cummins - Leroy Somer\",\"availability\":\"https:\\\/\\\/schema.org\\\/InStock\",\"seller\":{\"@type\":\"Organization\",\"@id\":\"https:\\\/\\\/www.gucbirjenerator.com\\\/en\\\/#organization\"}}},{\"@type\":\"WebPage\",\"@id\":\"https:\\\/\\\/www.gucbirjenerator.com\\\/en\\\/urun\\\/gjc165-ls1\\\/#webpage\",\"url\":\"https:\\\/\\\/www.gucbirjenerator.com\\\/en\\\/urun\\\/gjc165-ls1\\\/\",\"name\":\"GJC165-LS1 | G\\u00fc\\u00e7bir Jenerat\\u00f6r\",\"description\":\"Model GJC165-LS1 Standby kVA 165 Standby kW 132 Prime kVA 150 Prime kW 120 Engine Speed r.p.m 1500 Voltage V 230\\\/400 Power Factor Cos Phi 0,8\",\"inLanguage\":\"en-US\",\"isPartOf\":{\"@id\":\"https:\\\/\\\/www.gucbirjenerator.com\\\/en\\\/#website\"},\"breadcrumb\":{\"@id\":\"https:\\\/\\\/www.gucbirjenerator.com\\\/en\\\/urun\\\/gjc165-ls1\\\/#breadcrumblist\"},\"image\":{\"@type\":\"ImageObject\",\"url\":\"https:\\\/\\\/www.gucbirjenerator.com\\\/wp-content\\\/uploads\\\/2024\\\/08\\\/cummins-100-175.webp\",\"@id\":\"https:\\\/\\\/www.gucbirjenerator.com\\\/en\\\/urun\\\/gjc165-ls1\\\/#mainImage\",\"width\":2500,\"height\":2500},\"primaryImageOfPage\":{\"@id\":\"https:\\\/\\\/www.gucbirjenerator.com\\\/en\\\/urun\\\/gjc165-ls1\\\/#mainImage\"},\"datePublished\":\"2024-08-01T14:55:23+03:00\",\"dateModified\":\"2025-11-06T09:43:49+03:00\"},{\"@type\":\"WebSite\",\"@id\":\"https:\\\/\\\/www.gucbirjenerator.com\\\/en\\\/#website\",\"url\":\"https:\\\/\\\/www.gucbirjenerator.com\\\/en\\\/\",\"name\":\"G\\u00fc\\u00e7bir Jenerat\\u00f6r\",\"alternateName\":\"G\\u00fc\\u00e7bir Jenerator\",\"description\":\"Dizel Jenerat\\u00f6r - Portatif Jenerat\\u00f6r - Orta Gerilim Jenerat\\u00f6r - DC Jenerat\\u00f6r\",\"inLanguage\":\"en-US\",\"publisher\":{\"@id\":\"https:\\\/\\\/www.gucbirjenerator.com\\\/en\\\/#organization\"}}]}\n\t\t<\/script>\n\t\t<!-- All in One SEO Pro -->\r\n\t\t<title>GJC165-LS1 | G\u00fc\u00e7bir Jenerat\u00f6r<\/title>\n\n","aioseo_head_json":{"title":"GJC165-LS1 | G\u00fc\u00e7bir Jenerat\u00f6r","description":"Model GJC165-LS1 Standby kVA 165 Standby kW 132 Prime kVA 150 Prime kW 120 Engine Speed r.p.m 1500 Voltage V 230\/400 Power Factor Cos Phi 0,8","canonical_url":"https:\/\/www.gucbirjenerator.com\/en\/urun\/gjc165-ls1\/","robots":"max-image-preview:large","keywords":"","webmasterTools":{"miscellaneous":"&lt;meta name=\"google-site-verification\" content=\"4gQbJotLq2Jkk7uK7PBaLqoK2brFQzd0wTqle0IPH6s\" \/&gt;"},"schema":{"@context":"https:\/\/schema.org","@graph":[{"@type":"BreadcrumbList","@id":"https:\/\/www.gucbirjenerator.com\/en\/urun\/gjc165-ls1\/#breadcrumblist","itemListElement":[{"@type":"ListItem","@id":"https:\/\/www.gucbirjenerator.com\/en\/#listItem","position":1,"name":"Jenerat\u00f6r","item":"https:\/\/www.gucbirjenerator.com\/en\/","nextItem":{"@type":"ListItem","@id":"https:\/\/www.gucbirjenerator.com\/en\/product-category\/diesel-generator-sets\/#listItem","name":"Diesel Generator Sets"}},{"@type":"ListItem","@id":"https:\/\/www.gucbirjenerator.com\/en\/product-category\/diesel-generator-sets\/#listItem","position":2,"name":"Diesel Generator Sets","item":"https:\/\/www.gucbirjenerator.com\/en\/product-category\/diesel-generator-sets\/","nextItem":{"@type":"ListItem","@id":"https:\/\/www.gucbirjenerator.com\/en\/product-category\/diesel-generator-sets\/cummins\/#listItem","name":"Cummins"},"previousItem":{"@type":"ListItem","@id":"https:\/\/www.gucbirjenerator.com\/en\/#listItem","name":"Jenerat\u00f6r"}},{"@type":"ListItem","@id":"https:\/\/www.gucbirjenerator.com\/en\/product-category\/diesel-generator-sets\/cummins\/#listItem","position":3,"name":"Cummins","item":"https:\/\/www.gucbirjenerator.com\/en\/product-category\/diesel-generator-sets\/cummins\/","nextItem":{"@type":"ListItem","@id":"https:\/\/www.gucbirjenerator.com\/en\/product-category\/diesel-generator-sets\/cummins\/leroy-somer-cummins\/#listItem","name":"Cummins - Leroy Somer"},"previousItem":{"@type":"ListItem","@id":"https:\/\/www.gucbirjenerator.com\/en\/product-category\/diesel-generator-sets\/#listItem","name":"Diesel Generator Sets"}},{"@type":"ListItem","@id":"https:\/\/www.gucbirjenerator.com\/en\/product-category\/diesel-generator-sets\/cummins\/leroy-somer-cummins\/#listItem","position":4,"name":"Cummins - Leroy Somer","item":"https:\/\/www.gucbirjenerator.com\/en\/product-category\/diesel-generator-sets\/cummins\/leroy-somer-cummins\/","nextItem":{"@type":"ListItem","@id":"https:\/\/www.gucbirjenerator.com\/en\/urun\/gjc165-ls1\/#listItem","name":"GJC165-LS1"},"previousItem":{"@type":"ListItem","@id":"https:\/\/www.gucbirjenerator.com\/en\/product-category\/diesel-generator-sets\/cummins\/#listItem","name":"Cummins"}},{"@type":"ListItem","@id":"https:\/\/www.gucbirjenerator.com\/en\/urun\/gjc165-ls1\/#listItem","position":5,"name":"GJC165-LS1","previousItem":{"@type":"ListItem","@id":"https:\/\/www.gucbirjenerator.com\/en\/product-category\/diesel-generator-sets\/cummins\/leroy-somer-cummins\/#listItem","name":"Cummins - Leroy Somer"}}]},{"@type":"Organization","@id":"https:\/\/www.gucbirjenerator.com\/en\/#organization","name":"G\u00fc\u00e7bir Jenerat\u00f6r","description":"Dizel Jenerat\u00f6r - Portatif Jenerat\u00f6r - Orta Gerilim Jenerat\u00f6r - DC Jenerat\u00f6r","url":"https:\/\/www.gucbirjenerator.com\/en\/","email":"info@gucbirjenerator.com","telephone":"+902163127979","logo":{"@type":"ImageObject","url":"https:\/\/www.gucbirjenerator.com\/wp-content\/uploads\/2024\/04\/LOGO.png","@id":"https:\/\/www.gucbirjenerator.com\/en\/urun\/gjc165-ls1\/#organizationLogo","width":500,"height":194},"image":{"@id":"https:\/\/www.gucbirjenerator.com\/en\/urun\/gjc165-ls1\/#organizationLogo"},"sameAs":["https:\/\/www.facebook.com\/Gucbir\/","https:\/\/x.com\/gucbirjenerator","https:\/\/www.instagram.com\/gucbirjenerator\/","https:\/\/www.youtube.com\/channel\/UCDAQMIeq8KkEwJ_UmLyiMQg","https:\/\/www.linkedin.com\/company\/gucbirjenerator\/"],"address":{"@id":"https:\/\/www.gucbirjenerator.com\/en\/#postaladdress","@type":"PostalAddress","streetAddress":"\u015eerifali, Tavuk\u00e7uyolu Cd No:200,34775, \u00dcmraniye\/\u0130stanbul","postalCode":"34775","addressLocality":"\u0130STANBUL","addressCountry":"TR"}},{"@type":"Product","@id":"https:\/\/www.gucbirjenerator.com\/en\/urun\/gjc165-ls1\/#wooCommerceProduct","name":"GJC165-LS1","description":"Model GJC165-LS1 Standby kVA 165 Standby kW 132 Prime kVA 150 Prime kW 120 Engine Speed r.p.m 1500 Voltage V 230\/400 Power Factor Cos Phi 0,8","url":"https:\/\/www.gucbirjenerator.com\/en\/urun\/gjc165-ls1\/","image":{"@type":"ImageObject","url":"https:\/\/www.gucbirjenerator.com\/wp-content\/uploads\/2024\/08\/cummins-100-175.webp","@id":"https:\/\/www.gucbirjenerator.com\/en\/urun\/gjc165-ls1\/#productImage","width":2500,"height":2500},"offers":{"@type":"Offer","url":"https:\/\/www.gucbirjenerator.com\/en\/urun\/gjc165-ls1\/#wooCommerceOffer","price":0,"priceCurrency":"TRY","category":"Cummins - Leroy Somer","availability":"https:\/\/schema.org\/InStock","seller":{"@type":"Organization","@id":"https:\/\/www.gucbirjenerator.com\/en\/#organization"}}},{"@type":"WebPage","@id":"https:\/\/www.gucbirjenerator.com\/en\/urun\/gjc165-ls1\/#webpage","url":"https:\/\/www.gucbirjenerator.com\/en\/urun\/gjc165-ls1\/","name":"GJC165-LS1 | G\u00fc\u00e7bir Jenerat\u00f6r","description":"Model GJC165-LS1 Standby kVA 165 Standby kW 132 Prime kVA 150 Prime kW 120 Engine Speed r.p.m 1500 Voltage V 230\/400 Power Factor Cos Phi 0,8","inLanguage":"en-US","isPartOf":{"@id":"https:\/\/www.gucbirjenerator.com\/en\/#website"},"breadcrumb":{"@id":"https:\/\/www.gucbirjenerator.com\/en\/urun\/gjc165-ls1\/#breadcrumblist"},"image":{"@type":"ImageObject","url":"https:\/\/www.gucbirjenerator.com\/wp-content\/uploads\/2024\/08\/cummins-100-175.webp","@id":"https:\/\/www.gucbirjenerator.com\/en\/urun\/gjc165-ls1\/#mainImage","width":2500,"height":2500},"primaryImageOfPage":{"@id":"https:\/\/www.gucbirjenerator.com\/en\/urun\/gjc165-ls1\/#mainImage"},"datePublished":"2024-08-01T14:55:23+03:00","dateModified":"2025-11-06T09:43:49+03:00"},{"@type":"WebSite","@id":"https:\/\/www.gucbirjenerator.com\/en\/#website","url":"https:\/\/www.gucbirjenerator.com\/en\/","name":"G\u00fc\u00e7bir Jenerat\u00f6r","alternateName":"G\u00fc\u00e7bir Jenerator","description":"Dizel Jenerat\u00f6r - Portatif Jenerat\u00f6r - Orta Gerilim Jenerat\u00f6r - DC Jenerat\u00f6r","inLanguage":"en-US","publisher":{"@id":"https:\/\/www.gucbirjenerator.com\/en\/#organization"}}]},"og:locale":"en_US","og:site_name":"G\u00fc\u00e7bir Jenerat\u00f6r | Dizel Jenerat\u00f6r - Portatif Jenerat\u00f6r - Orta Gerilim Jenerat\u00f6r - DC Jenerat\u00f6r","og:type":"article","og:title":"GJC165-LS1 | G\u00fc\u00e7bir Jenerat\u00f6r","og:description":"Model GJC165-LS1 Standby kVA 165 Standby kW 132 Prime kVA 150 Prime kW 120 Engine Speed r.p.m 1500 Voltage V 230\/400 Power Factor Cos Phi 0,8","og:url":"https:\/\/www.gucbirjenerator.com\/en\/urun\/gjc165-ls1\/","og:image":"https:\/\/www.gucbirjenerator.com\/wp-content\/uploads\/2024\/11\/Sdec-900-1250.jpg","og:image:secure_url":"https:\/\/www.gucbirjenerator.com\/wp-content\/uploads\/2024\/11\/Sdec-900-1250.jpg","og:image:width":2500,"og:image:height":2500,"article:published_time":"2024-08-01T11:55:23+00:00","article:modified_time":"2025-11-06T06:43:49+00:00","article:publisher":"https:\/\/www.facebook.com\/Gucbir\/","twitter:card":"summary_large_image","twitter:site":"@gucbirjenerator","twitter:title":"GJC165-LS1 | G\u00fc\u00e7bir Jenerat\u00f6r","twitter:description":"Model GJC165-LS1 Standby kVA 165 Standby kW 132 Prime kVA 150 Prime kW 120 Engine Speed r.p.m 1500 Voltage V 230\/400 Power Factor Cos Phi 0,8","twitter:image":"https:\/\/www.gucbirjenerator.com\/wp-content\/uploads\/2024\/11\/Sdec-900-1250.jpg"},"aioseo_meta_data":{"post_id":"6982","title":null,"description":null,"keywords":null,"keyphrases":{"focus":{"keyphrase":"","score":0,"analysis":{"keyphraseInTitle":{"score":0,"maxScore":9,"error":1}}},"additional":[]},"primary_term":null,"canonical_url":null,"og_title":null,"og_description":null,"og_object_type":"default","og_image_type":"default","og_image_url":null,"og_image_width":null,"og_image_height":null,"og_image_custom_url":null,"og_image_custom_fields":null,"og_video":"","og_custom_url":"","og_article_section":null,"og_article_tags":null,"twitter_use_og":false,"twitter_card":"default","twitter_image_type":"default","twitter_image_url":null,"twitter_image_custom_url":null,"twitter_image_custom_fields":null,"twitter_title":null,"twitter_description":null,"schema":{"blockGraphs":[],"customGraphs":[],"default":{"data":{"Article":[],"Course":[],"Dataset":[],"FAQPage":[],"Movie":[],"Person":[],"Product":[],"ProductReview":[],"Car":[],"Recipe":[],"Service":[],"SoftwareApplication":[],"WebPage":[]},"graphName":"Product","isEnabled":true},"graphs":[]},"schema_type":"default","schema_type_options":"","pillar_content":false,"robots_default":true,"robots_noindex":false,"robots_noarchive":false,"robots_nosnippet":false,"robots_nofollow":false,"robots_noimageindex":false,"robots_noodp":false,"robots_notranslate":false,"robots_max_snippet":"0","robots_max_videopreview":"0","robots_max_imagepreview":"large","priority":0,"frequency":"default","local_seo":null,"seo_analyzer_scan_date":"2025-11-06 08:30:13","breadcrumb_settings":null,"limit_modified_date":false,"reviewed_by":"0","open_ai":"\"\"","ai":{"faqs":[],"keyPoints":[],"titles":[],"descriptions":[],"socialPosts":{"email":[],"linkedin":[],"twitter":[],"facebook":[],"instagram":[]}},"created":"2025-10-08 06:31:10","updated":"2025-11-06 08:30:13"},"aioseo_breadcrumb":"<div class=\"aioseo-breadcrumbs\"><span class=\"aioseo-breadcrumb\">\n\t<a href=\"https:\/\/www.gucbirjenerator.com\/en\/\" title=\"Jenerat\u00f6r\">Jenerat\u00f6r<\/a>\n<\/span><span class=\"aioseo-breadcrumb-separator\">|<\/span><span class=\"aioseo-breadcrumb\">\n\t<a href=\"https:\/\/www.gucbirjenerator.com\/en\/product-category\/diesel-generator-sets\/\" title=\"Diesel Generator Sets\">Diesel Generator Sets<\/a>\n<\/span><span class=\"aioseo-breadcrumb-separator\">|<\/span><span class=\"aioseo-breadcrumb\">\n\t<a href=\"https:\/\/www.gucbirjenerator.com\/en\/product-category\/diesel-generator-sets\/cummins\/\" title=\"Cummins\">Cummins<\/a>\n<\/span><span class=\"aioseo-breadcrumb-separator\">|<\/span><span class=\"aioseo-breadcrumb\">\n\t<a href=\"https:\/\/www.gucbirjenerator.com\/en\/product-category\/diesel-generator-sets\/cummins\/leroy-somer-cummins\/\" title=\"Cummins - Leroy Somer\">Cummins - Leroy Somer<\/a>\n<\/span><span class=\"aioseo-breadcrumb-separator\">|<\/span><span class=\"aioseo-breadcrumb\">\n\tGJC165-LS1\n<\/span><\/div>","aioseo_breadcrumb_json":[{"label":"Jenerat\u00f6r","link":"https:\/\/www.gucbirjenerator.com\/en\/"},{"label":"Diesel Generator Sets","link":"https:\/\/www.gucbirjenerator.com\/en\/product-category\/diesel-generator-sets\/"},{"label":"Cummins","link":"https:\/\/www.gucbirjenerator.com\/en\/product-category\/diesel-generator-sets\/cummins\/"},{"label":"Cummins - Leroy Somer","link":"https:\/\/www.gucbirjenerator.com\/en\/product-category\/diesel-generator-sets\/cummins\/leroy-somer-cummins\/"},{"label":"GJC165-LS1","link":"https:\/\/www.gucbirjenerator.com\/en\/urun\/gjc165-ls1\/"}],"_links":{"self":[{"href":"https:\/\/www.gucbirjenerator.com\/en\/wp-json\/wp\/v2\/product\/6982","targetHints":{"allow":["GET"]}}],"collection":[{"href":"https:\/\/www.gucbirjenerator.com\/en\/wp-json\/wp\/v2\/product"}],"about":[{"href":"https:\/\/www.gucbirjenerator.com\/en\/wp-json\/wp\/v2\/types\/product"}],"wp:featuredmedia":[{"embeddable":true,"href":"https:\/\/www.gucbirjenerator.com\/en\/wp-json\/wp\/v2\/media\/6300"}],"wp:attachment":[{"href":"https:\/\/www.gucbirjenerator.com\/en\/wp-json\/wp\/v2\/media?parent=6982"}],"wp:term":[{"taxonomy":"product_brand","embeddable":true,"href":"https:\/\/www.gucbirjenerator.com\/en\/wp-json\/wp\/v2\/product_brand?post=6982"},{"taxonomy":"product_cat","embeddable":true,"href":"https:\/\/www.gucbirjenerator.com\/en\/wp-json\/wp\/v2\/product_cat?post=6982"},{"taxonomy":"product_tag","embeddable":true,"href":"https:\/\/www.gucbirjenerator.com\/en\/wp-json\/wp\/v2\/product_tag?post=6982"}],"curies":[{"name":"wp","href":"https:\/\/api.w.org\/{rel}","templated":true}]}}