{"id":6735,"date":"2024-11-18T01:20:59","date_gmt":"2024-11-17T22:20:59","guid":{"rendered":"https:\/\/www.gucbirjenerator.com\/urun\/gjc192-ng\/"},"modified":"2024-11-18T01:20:59","modified_gmt":"2024-11-17T22:20:59","slug":"gjc192-ng","status":"publish","type":"product","link":"https:\/\/www.gucbirjenerator.com\/en\/urun\/gjc192-ng\/","title":{"rendered":"GJC192-NG"},"content":{"rendered":"<table width=\"327\">\n<tbody>\n<tr>\n<td rowspan=\"2\" width=\"121\">Gross Engine Output<\/td>\n<td width=\"139\">bhp<\/td>\n<td width=\"67\">238<\/td>\n<\/tr>\n<tr>\n<td width=\"139\">kWm<\/td>\n<td>177<\/td>\n<\/tr>\n<tr>\n<td width=\"121\">Typical Parasitic Loss<br \/>\n(Fan)<\/td>\n<td width=\"139\">kWm<\/td>\n<td>14<\/td>\n<\/tr>\n<tr>\n<td width=\"121\">Net Power<\/td>\n<td width=\"139\">kWm<\/td>\n<td>163<\/td>\n<\/tr>\n<tr>\n<td width=\"121\">Typical Generator Efficiency<\/td>\n<td width=\"139\"><\/td>\n<td width=\"67\">0.94<\/td>\n<\/tr>\n<tr>\n<td rowspan=\"2\" width=\"121\">Power Output<\/td>\n<td width=\"139\">kWe<\/td>\n<td>153<\/td>\n<\/tr>\n<tr>\n<td width=\"139\">Continuous Power<br \/>\nkVA<\/td>\n<td>192<\/td>\n<\/tr>\n<tr>\n<td colspan=\"2\" width=\"260\">Fuel Rating<\/td>\n<td>11375<\/td>\n<\/tr>\n<tr>\n<td colspan=\"2\" width=\"260\">Burn Technology<\/td>\n<td width=\"67\">Lean Burn<\/td>\n<\/tr>\n<tr>\n<td colspan=\"2\" width=\"260\">Propane Capability<\/td>\n<td width=\"67\">\u25a0<\/td>\n<\/tr>\n<\/tbody>\n<\/table>\n<p>&nbsp;<\/p>\n","protected":false},"excerpt":{"rendered":"<p>Gross Engine Output bhp 238 kWm 177 Typical Parasitic Loss (Fan) kWm 14 Net Power kWm 163 Typical Generator Efficiency 0.94 Power Output kWe 153 Continuous Power kVA 192 Fuel Rating 11375 Burn Technology Lean Burn Propane Capability \u25a0 &nbsp;<\/p>\n","protected":false},"featured_media":6490,"template":"","meta":[],"product_brand":[],"product_cat":[6888],"product_tag":[],"class_list":{"0":"post-6735","1":"product","2":"type-product","3":"status-publish","4":"has-post-thumbnail","6":"product_cat-cummins-gas-generators","8":"first","9":"instock","10":"shipping-taxable","11":"product-type-simple"},"aioseo_notices":[],"aioseo_head":"\n\t\t<!-- All in One SEO Pro 4.9.5.2 - aioseo.com -->\n\t<meta name=\"description\" content=\"Gross Engine Output bhp 238 kWm 177 Typical Parasitic Loss (Fan) kWm 14 Net Power kWm 163 Typical Generator Efficiency 0.94 Power Output kWe 153 Continuous Power kVA 192 Fuel Rating 11375 Burn Technology Lean Burn Propane Capability \u25a0\" \/>\n\t<meta name=\"robots\" content=\"max-image-preview:large\" \/>\n\t<link rel=\"canonical\" href=\"https:\/\/www.gucbirjenerator.com\/en\/urun\/gjc192-ng\/\" \/>\n\t<meta name=\"generator\" content=\"All in One SEO Pro (AIOSEO) 4.9.5.2\" \/>\n\n\t\t<meta name=\"google-site-verification\" content=\"4gQbJotLq2Jkk7uK7PBaLqoK2brFQzd0wTqle0IPH6s\" \/>\n\t\t<meta property=\"og:locale\" content=\"en_US\" \/>\n\t\t<meta property=\"og:site_name\" content=\"G\u00fc\u00e7bir Jenerat\u00f6r | Dizel Jenerat\u00f6r - Portatif Jenerat\u00f6r - Orta Gerilim Jenerat\u00f6r - DC Jenerat\u00f6r\" \/>\n\t\t<meta property=\"og:type\" content=\"article\" \/>\n\t\t<meta property=\"og:title\" content=\"GJC192-NG | G\u00fc\u00e7bir Jenerat\u00f6r\" \/>\n\t\t<meta property=\"og:description\" content=\"Gross Engine Output bhp 238 kWm 177 Typical Parasitic Loss (Fan) kWm 14 Net Power kWm 163 Typical Generator Efficiency 0.94 Power Output kWe 153 Continuous Power kVA 192 Fuel Rating 11375 Burn Technology Lean Burn Propane Capability \u25a0\" \/>\n\t\t<meta property=\"og:url\" content=\"https:\/\/www.gucbirjenerator.com\/en\/urun\/gjc192-ng\/\" \/>\n\t\t<meta property=\"og:image\" content=\"https:\/\/www.gucbirjenerator.com\/wp-content\/uploads\/2024\/11\/Sdec-900-1250.jpg\" \/>\n\t\t<meta property=\"og:image:secure_url\" content=\"https:\/\/www.gucbirjenerator.com\/wp-content\/uploads\/2024\/11\/Sdec-900-1250.jpg\" \/>\n\t\t<meta property=\"og:image:width\" content=\"2500\" \/>\n\t\t<meta property=\"og:image:height\" content=\"2500\" \/>\n\t\t<meta property=\"article:published_time\" content=\"2024-11-17T22:20:59+00:00\" \/>\n\t\t<meta property=\"article:modified_time\" content=\"2024-11-17T22:20:59+00:00\" \/>\n\t\t<meta property=\"article:publisher\" content=\"https:\/\/www.facebook.com\/Gucbir\/\" \/>\n\t\t<meta name=\"twitter:card\" content=\"summary_large_image\" \/>\n\t\t<meta name=\"twitter:site\" content=\"@gucbirjenerator\" \/>\n\t\t<meta name=\"twitter:title\" content=\"GJC192-NG | G\u00fc\u00e7bir Jenerat\u00f6r\" \/>\n\t\t<meta name=\"twitter:description\" content=\"Gross Engine Output bhp 238 kWm 177 Typical Parasitic Loss (Fan) kWm 14 Net Power kWm 163 Typical Generator Efficiency 0.94 Power Output kWe 153 Continuous Power kVA 192 Fuel Rating 11375 Burn Technology Lean Burn Propane Capability \u25a0\" \/>\n\t\t<meta name=\"twitter:image\" content=\"https:\/\/www.gucbirjenerator.com\/wp-content\/uploads\/2024\/11\/Sdec-900-1250.jpg\" \/>\n\t\t<script type=\"application\/ld+json\" class=\"aioseo-schema\">\n\t\t\t{\"@context\":\"https:\\\/\\\/schema.org\",\"@graph\":[{\"@type\":\"BreadcrumbList\",\"@id\":\"https:\\\/\\\/www.gucbirjenerator.com\\\/en\\\/urun\\\/gjc192-ng\\\/#breadcrumblist\",\"itemListElement\":[{\"@type\":\"ListItem\",\"@id\":\"https:\\\/\\\/www.gucbirjenerator.com\\\/en\\\/#listItem\",\"position\":1,\"name\":\"Jenerat\\u00f6r\",\"item\":\"https:\\\/\\\/www.gucbirjenerator.com\\\/en\\\/\",\"nextItem\":{\"@type\":\"ListItem\",\"@id\":\"https:\\\/\\\/www.gucbirjenerator.com\\\/en\\\/product-category\\\/gas-generators\\\/#listItem\",\"name\":\"Gas Generators\"}},{\"@type\":\"ListItem\",\"@id\":\"https:\\\/\\\/www.gucbirjenerator.com\\\/en\\\/product-category\\\/gas-generators\\\/#listItem\",\"position\":2,\"name\":\"Gas Generators\",\"item\":\"https:\\\/\\\/www.gucbirjenerator.com\\\/en\\\/product-category\\\/gas-generators\\\/\",\"nextItem\":{\"@type\":\"ListItem\",\"@id\":\"https:\\\/\\\/www.gucbirjenerator.com\\\/en\\\/product-category\\\/gas-generators\\\/cummins-gas-generators\\\/#listItem\",\"name\":\"Cummins\"},\"previousItem\":{\"@type\":\"ListItem\",\"@id\":\"https:\\\/\\\/www.gucbirjenerator.com\\\/en\\\/#listItem\",\"name\":\"Jenerat\\u00f6r\"}},{\"@type\":\"ListItem\",\"@id\":\"https:\\\/\\\/www.gucbirjenerator.com\\\/en\\\/product-category\\\/gas-generators\\\/cummins-gas-generators\\\/#listItem\",\"position\":3,\"name\":\"Cummins\",\"item\":\"https:\\\/\\\/www.gucbirjenerator.com\\\/en\\\/product-category\\\/gas-generators\\\/cummins-gas-generators\\\/\",\"nextItem\":{\"@type\":\"ListItem\",\"@id\":\"https:\\\/\\\/www.gucbirjenerator.com\\\/en\\\/urun\\\/gjc192-ng\\\/#listItem\",\"name\":\"GJC192-NG\"},\"previousItem\":{\"@type\":\"ListItem\",\"@id\":\"https:\\\/\\\/www.gucbirjenerator.com\\\/en\\\/product-category\\\/gas-generators\\\/#listItem\",\"name\":\"Gas Generators\"}},{\"@type\":\"ListItem\",\"@id\":\"https:\\\/\\\/www.gucbirjenerator.com\\\/en\\\/urun\\\/gjc192-ng\\\/#listItem\",\"position\":4,\"name\":\"GJC192-NG\",\"previousItem\":{\"@type\":\"ListItem\",\"@id\":\"https:\\\/\\\/www.gucbirjenerator.com\\\/en\\\/product-category\\\/gas-generators\\\/cummins-gas-generators\\\/#listItem\",\"name\":\"Cummins\"}}]},{\"@type\":\"Organization\",\"@id\":\"https:\\\/\\\/www.gucbirjenerator.com\\\/en\\\/#organization\",\"name\":\"G\\u00fc\\u00e7bir Jenerat\\u00f6r\",\"description\":\"Dizel Jenerat\\u00f6r - Portatif Jenerat\\u00f6r - Orta Gerilim Jenerat\\u00f6r - DC Jenerat\\u00f6r\",\"url\":\"https:\\\/\\\/www.gucbirjenerator.com\\\/en\\\/\",\"email\":\"info@gucbirjenerator.com\",\"telephone\":\"+902163127979\",\"logo\":{\"@type\":\"ImageObject\",\"url\":\"https:\\\/\\\/www.gucbirjenerator.com\\\/wp-content\\\/uploads\\\/2024\\\/04\\\/LOGO.png\",\"@id\":\"https:\\\/\\\/www.gucbirjenerator.com\\\/en\\\/urun\\\/gjc192-ng\\\/#organizationLogo\",\"width\":500,\"height\":194},\"image\":{\"@id\":\"https:\\\/\\\/www.gucbirjenerator.com\\\/en\\\/urun\\\/gjc192-ng\\\/#organizationLogo\"},\"sameAs\":[\"https:\\\/\\\/www.facebook.com\\\/Gucbir\\\/\",\"https:\\\/\\\/x.com\\\/gucbirjenerator\",\"https:\\\/\\\/www.instagram.com\\\/gucbirjenerator\\\/\",\"https:\\\/\\\/www.youtube.com\\\/channel\\\/UCDAQMIeq8KkEwJ_UmLyiMQg\",\"https:\\\/\\\/www.linkedin.com\\\/company\\\/gucbirjenerator\\\/\"],\"address\":{\"@id\":\"https:\\\/\\\/www.gucbirjenerator.com\\\/en\\\/#postaladdress\",\"@type\":\"PostalAddress\",\"streetAddress\":\"\\u015eerifali, Tavuk\\u00e7uyolu Cd No:200,34775, \\u00dcmraniye\\\/\\u0130stanbul\",\"postalCode\":\"34775\",\"addressLocality\":\"\\u0130STANBUL\",\"addressCountry\":\"TR\"}},{\"@type\":\"Product\",\"@id\":\"https:\\\/\\\/www.gucbirjenerator.com\\\/en\\\/urun\\\/gjc192-ng\\\/#aioseo-product-6787feadd22e1\",\"name\":\"GJC192-NG\",\"description\":\"Gross Engine Output bhp 238 kWm 177 Typical Parasitic Loss (Fan) kWm 14 Net Power kWm 163 Typical Generator Efficiency 0.94 Power Output kWe 153 Continuous Power kVA 192 Fuel Rating 11375 Burn Technology Lean Burn Propane Capability \\u25a0 &nbsp;\",\"url\":\"https:\\\/\\\/www.gucbirjenerator.com\\\/en\\\/urun\\\/gjc192-ng\\\/\",\"image\":{\"@type\":\"ImageObject\",\"url\":\"https:\\\/\\\/www.gucbirjenerator.com\\\/wp-content\\\/uploads\\\/2024\\\/11\\\/cummins-gas.jpg\",\"@id\":\"https:\\\/\\\/www.gucbirjenerator.com\\\/en\\\/urun\\\/gjc192-ng\\\/#productImage\",\"width\":1234,\"height\":1234},\"offers\":{\"@type\":\"Offer\",\"url\":\"https:\\\/\\\/www.gucbirjenerator.com\\\/en\\\/urun\\\/gjc192-ng\\\/#wooCommerceOffer\",\"price\":0,\"priceCurrency\":\"TRY\",\"category\":\"Cummins\",\"availability\":\"https:\\\/\\\/schema.org\\\/InStock\",\"seller\":{\"@type\":\"Organization\",\"@id\":\"https:\\\/\\\/www.gucbirjenerator.com\\\/en\\\/#organization\"}}},{\"@type\":\"WebPage\",\"@id\":\"https:\\\/\\\/www.gucbirjenerator.com\\\/en\\\/urun\\\/gjc192-ng\\\/#webpage\",\"url\":\"https:\\\/\\\/www.gucbirjenerator.com\\\/en\\\/urun\\\/gjc192-ng\\\/\",\"name\":\"GJC192-NG | G\\u00fc\\u00e7bir Jenerat\\u00f6r\",\"description\":\"Gross Engine Output bhp 238 kWm 177 Typical Parasitic Loss (Fan) kWm 14 Net Power kWm 163 Typical Generator Efficiency 0.94 Power Output kWe 153 Continuous Power kVA 192 Fuel Rating 11375 Burn Technology Lean Burn Propane Capability \\u25a0\",\"inLanguage\":\"en-US\",\"isPartOf\":{\"@id\":\"https:\\\/\\\/www.gucbirjenerator.com\\\/en\\\/#website\"},\"breadcrumb\":{\"@id\":\"https:\\\/\\\/www.gucbirjenerator.com\\\/en\\\/urun\\\/gjc192-ng\\\/#breadcrumblist\"},\"image\":{\"@type\":\"ImageObject\",\"url\":\"https:\\\/\\\/www.gucbirjenerator.com\\\/wp-content\\\/uploads\\\/2024\\\/11\\\/cummins-gas.jpg\",\"@id\":\"https:\\\/\\\/www.gucbirjenerator.com\\\/en\\\/urun\\\/gjc192-ng\\\/#mainImage\",\"width\":1234,\"height\":1234},\"primaryImageOfPage\":{\"@id\":\"https:\\\/\\\/www.gucbirjenerator.com\\\/en\\\/urun\\\/gjc192-ng\\\/#mainImage\"},\"datePublished\":\"2024-11-18T01:20:59+03:00\",\"dateModified\":\"2024-11-18T01:20:59+03:00\"},{\"@type\":\"WebSite\",\"@id\":\"https:\\\/\\\/www.gucbirjenerator.com\\\/en\\\/#website\",\"url\":\"https:\\\/\\\/www.gucbirjenerator.com\\\/en\\\/\",\"name\":\"G\\u00fc\\u00e7bir Jenerat\\u00f6r\",\"alternateName\":\"G\\u00fc\\u00e7bir Jenerator\",\"description\":\"Dizel Jenerat\\u00f6r - Portatif Jenerat\\u00f6r - Orta Gerilim Jenerat\\u00f6r - DC Jenerat\\u00f6r\",\"inLanguage\":\"en-US\",\"publisher\":{\"@id\":\"https:\\\/\\\/www.gucbirjenerator.com\\\/en\\\/#organization\"}}]}\n\t\t<\/script>\n\t\t<!-- All in One SEO Pro -->\r\n\t\t<title>GJC192-NG | G\u00fc\u00e7bir Jenerat\u00f6r<\/title>\n\n","aioseo_head_json":{"title":"GJC192-NG | G\u00fc\u00e7bir Jenerat\u00f6r","description":"Gross Engine Output bhp 238 kWm 177 Typical Parasitic Loss (Fan) kWm 14 Net Power kWm 163 Typical Generator Efficiency 0.94 Power Output kWe 153 Continuous Power kVA 192 Fuel Rating 11375 Burn Technology Lean Burn Propane Capability \u25a0","canonical_url":"https:\/\/www.gucbirjenerator.com\/en\/urun\/gjc192-ng\/","robots":"max-image-preview:large","keywords":"","webmasterTools":{"miscellaneous":"&lt;meta name=\"google-site-verification\" content=\"4gQbJotLq2Jkk7uK7PBaLqoK2brFQzd0wTqle0IPH6s\" \/&gt;"},"schema":{"@context":"https:\/\/schema.org","@graph":[{"@type":"BreadcrumbList","@id":"https:\/\/www.gucbirjenerator.com\/en\/urun\/gjc192-ng\/#breadcrumblist","itemListElement":[{"@type":"ListItem","@id":"https:\/\/www.gucbirjenerator.com\/en\/#listItem","position":1,"name":"Jenerat\u00f6r","item":"https:\/\/www.gucbirjenerator.com\/en\/","nextItem":{"@type":"ListItem","@id":"https:\/\/www.gucbirjenerator.com\/en\/product-category\/gas-generators\/#listItem","name":"Gas Generators"}},{"@type":"ListItem","@id":"https:\/\/www.gucbirjenerator.com\/en\/product-category\/gas-generators\/#listItem","position":2,"name":"Gas Generators","item":"https:\/\/www.gucbirjenerator.com\/en\/product-category\/gas-generators\/","nextItem":{"@type":"ListItem","@id":"https:\/\/www.gucbirjenerator.com\/en\/product-category\/gas-generators\/cummins-gas-generators\/#listItem","name":"Cummins"},"previousItem":{"@type":"ListItem","@id":"https:\/\/www.gucbirjenerator.com\/en\/#listItem","name":"Jenerat\u00f6r"}},{"@type":"ListItem","@id":"https:\/\/www.gucbirjenerator.com\/en\/product-category\/gas-generators\/cummins-gas-generators\/#listItem","position":3,"name":"Cummins","item":"https:\/\/www.gucbirjenerator.com\/en\/product-category\/gas-generators\/cummins-gas-generators\/","nextItem":{"@type":"ListItem","@id":"https:\/\/www.gucbirjenerator.com\/en\/urun\/gjc192-ng\/#listItem","name":"GJC192-NG"},"previousItem":{"@type":"ListItem","@id":"https:\/\/www.gucbirjenerator.com\/en\/product-category\/gas-generators\/#listItem","name":"Gas Generators"}},{"@type":"ListItem","@id":"https:\/\/www.gucbirjenerator.com\/en\/urun\/gjc192-ng\/#listItem","position":4,"name":"GJC192-NG","previousItem":{"@type":"ListItem","@id":"https:\/\/www.gucbirjenerator.com\/en\/product-category\/gas-generators\/cummins-gas-generators\/#listItem","name":"Cummins"}}]},{"@type":"Organization","@id":"https:\/\/www.gucbirjenerator.com\/en\/#organization","name":"G\u00fc\u00e7bir Jenerat\u00f6r","description":"Dizel Jenerat\u00f6r - Portatif Jenerat\u00f6r - Orta Gerilim Jenerat\u00f6r - DC Jenerat\u00f6r","url":"https:\/\/www.gucbirjenerator.com\/en\/","email":"info@gucbirjenerator.com","telephone":"+902163127979","logo":{"@type":"ImageObject","url":"https:\/\/www.gucbirjenerator.com\/wp-content\/uploads\/2024\/04\/LOGO.png","@id":"https:\/\/www.gucbirjenerator.com\/en\/urun\/gjc192-ng\/#organizationLogo","width":500,"height":194},"image":{"@id":"https:\/\/www.gucbirjenerator.com\/en\/urun\/gjc192-ng\/#organizationLogo"},"sameAs":["https:\/\/www.facebook.com\/Gucbir\/","https:\/\/x.com\/gucbirjenerator","https:\/\/www.instagram.com\/gucbirjenerator\/","https:\/\/www.youtube.com\/channel\/UCDAQMIeq8KkEwJ_UmLyiMQg","https:\/\/www.linkedin.com\/company\/gucbirjenerator\/"],"address":{"@id":"https:\/\/www.gucbirjenerator.com\/en\/#postaladdress","@type":"PostalAddress","streetAddress":"\u015eerifali, Tavuk\u00e7uyolu Cd No:200,34775, \u00dcmraniye\/\u0130stanbul","postalCode":"34775","addressLocality":"\u0130STANBUL","addressCountry":"TR"}},{"@type":"Product","@id":"https:\/\/www.gucbirjenerator.com\/en\/urun\/gjc192-ng\/#aioseo-product-6787feadd22e1","name":"GJC192-NG","description":"Gross Engine Output bhp 238 kWm 177 Typical Parasitic Loss (Fan) kWm 14 Net Power kWm 163 Typical Generator Efficiency 0.94 Power Output kWe 153 Continuous Power kVA 192 Fuel Rating 11375 Burn Technology Lean Burn Propane Capability \u25a0 &nbsp;","url":"https:\/\/www.gucbirjenerator.com\/en\/urun\/gjc192-ng\/","image":{"@type":"ImageObject","url":"https:\/\/www.gucbirjenerator.com\/wp-content\/uploads\/2024\/11\/cummins-gas.jpg","@id":"https:\/\/www.gucbirjenerator.com\/en\/urun\/gjc192-ng\/#productImage","width":1234,"height":1234},"offers":{"@type":"Offer","url":"https:\/\/www.gucbirjenerator.com\/en\/urun\/gjc192-ng\/#wooCommerceOffer","price":0,"priceCurrency":"TRY","category":"Cummins","availability":"https:\/\/schema.org\/InStock","seller":{"@type":"Organization","@id":"https:\/\/www.gucbirjenerator.com\/en\/#organization"}}},{"@type":"WebPage","@id":"https:\/\/www.gucbirjenerator.com\/en\/urun\/gjc192-ng\/#webpage","url":"https:\/\/www.gucbirjenerator.com\/en\/urun\/gjc192-ng\/","name":"GJC192-NG | G\u00fc\u00e7bir Jenerat\u00f6r","description":"Gross Engine Output bhp 238 kWm 177 Typical Parasitic Loss (Fan) kWm 14 Net Power kWm 163 Typical Generator Efficiency 0.94 Power Output kWe 153 Continuous Power kVA 192 Fuel Rating 11375 Burn Technology Lean Burn Propane Capability \u25a0","inLanguage":"en-US","isPartOf":{"@id":"https:\/\/www.gucbirjenerator.com\/en\/#website"},"breadcrumb":{"@id":"https:\/\/www.gucbirjenerator.com\/en\/urun\/gjc192-ng\/#breadcrumblist"},"image":{"@type":"ImageObject","url":"https:\/\/www.gucbirjenerator.com\/wp-content\/uploads\/2024\/11\/cummins-gas.jpg","@id":"https:\/\/www.gucbirjenerator.com\/en\/urun\/gjc192-ng\/#mainImage","width":1234,"height":1234},"primaryImageOfPage":{"@id":"https:\/\/www.gucbirjenerator.com\/en\/urun\/gjc192-ng\/#mainImage"},"datePublished":"2024-11-18T01:20:59+03:00","dateModified":"2024-11-18T01:20:59+03:00"},{"@type":"WebSite","@id":"https:\/\/www.gucbirjenerator.com\/en\/#website","url":"https:\/\/www.gucbirjenerator.com\/en\/","name":"G\u00fc\u00e7bir Jenerat\u00f6r","alternateName":"G\u00fc\u00e7bir Jenerator","description":"Dizel Jenerat\u00f6r - Portatif Jenerat\u00f6r - Orta Gerilim Jenerat\u00f6r - DC Jenerat\u00f6r","inLanguage":"en-US","publisher":{"@id":"https:\/\/www.gucbirjenerator.com\/en\/#organization"}}]},"og:locale":"en_US","og:site_name":"G\u00fc\u00e7bir Jenerat\u00f6r | Dizel Jenerat\u00f6r - Portatif Jenerat\u00f6r - Orta Gerilim Jenerat\u00f6r - DC Jenerat\u00f6r","og:type":"article","og:title":"GJC192-NG | G\u00fc\u00e7bir Jenerat\u00f6r","og:description":"Gross Engine Output bhp 238 kWm 177 Typical Parasitic Loss (Fan) kWm 14 Net Power kWm 163 Typical Generator Efficiency 0.94 Power Output kWe 153 Continuous Power kVA 192 Fuel Rating 11375 Burn Technology Lean Burn Propane Capability \u25a0","og:url":"https:\/\/www.gucbirjenerator.com\/en\/urun\/gjc192-ng\/","og:image":"https:\/\/www.gucbirjenerator.com\/wp-content\/uploads\/2024\/11\/Sdec-900-1250.jpg","og:image:secure_url":"https:\/\/www.gucbirjenerator.com\/wp-content\/uploads\/2024\/11\/Sdec-900-1250.jpg","og:image:width":2500,"og:image:height":2500,"article:published_time":"2024-11-17T22:20:59+00:00","article:modified_time":"2024-11-17T22:20:59+00:00","article:publisher":"https:\/\/www.facebook.com\/Gucbir\/","twitter:card":"summary_large_image","twitter:site":"@gucbirjenerator","twitter:title":"GJC192-NG | G\u00fc\u00e7bir Jenerat\u00f6r","twitter:description":"Gross Engine Output bhp 238 kWm 177 Typical Parasitic Loss (Fan) kWm 14 Net Power kWm 163 Typical Generator Efficiency 0.94 Power Output kWe 153 Continuous Power kVA 192 Fuel Rating 11375 Burn Technology Lean Burn Propane Capability \u25a0","twitter:image":"https:\/\/www.gucbirjenerator.com\/wp-content\/uploads\/2024\/11\/Sdec-900-1250.jpg"},"aioseo_meta_data":{"post_id":"6735","title":"#post_title #separator_sa #site_title","description":"#post_excerpt","keywords":[],"keyphrases":{"focus":[],"additional":[]},"primary_term":"","canonical_url":"","og_title":"","og_description":"","og_object_type":"default","og_image_type":"default","og_image_url":"","og_image_width":"0","og_image_height":"0","og_image_custom_url":"","og_image_custom_fields":"","og_video":"","og_custom_url":"","og_article_section":"","og_article_tags":[],"twitter_use_og":false,"twitter_card":"default","twitter_image_type":"default","twitter_image_url":"","twitter_image_custom_url":"","twitter_image_custom_fields":"","twitter_title":"","twitter_description":"","schema":{"blockGraphs":[],"customGraphs":[],"default":{"data":{"Article":[],"Course":[],"Dataset":[],"FAQPage":[],"Movie":[],"Person":[],"Product":{"id":"#aioseo-product-6787feadd22e1","slug":"product","graphName":"Product","label":"Product","properties":{"autogenerate":true,"name":"#post_title","description":"#post_excerpt","brand":"","image":"","identifiers":{"sku":"","gtin":"","mpn":""},"offer":{"price":"","currency":"","availability":"","validUntil":""},"rating":{"minimum":1,"maximum":5},"reviews":[]}},"ProductReview":[],"Car":[],"Recipe":[],"Service":[],"SoftwareApplication":[],"WebPage":[]},"graphName":"Product","isEnabled":true},"graphs":[]},"schema_type":"default","schema_type_options":"{\"article\":{\"articleType\":\"BlogPosting\"},\"course\":{\"name\":\"\",\"description\":\"\",\"provider\":\"\"},\"faq\":{\"pages\":[]},\"product\":{\"reviews\":[]},\"recipe\":{\"ingredients\":[],\"instructions\":[],\"keywords\":[]},\"software\":{\"reviews\":[],\"operatingSystems\":[]},\"webPage\":{\"webPageType\":\"WebPage\"}}","pillar_content":false,"robots_default":true,"robots_noindex":false,"robots_noarchive":false,"robots_nosnippet":false,"robots_nofollow":false,"robots_noimageindex":false,"robots_noodp":false,"robots_notranslate":false,"robots_max_snippet":"-1","robots_max_videopreview":"-1","robots_max_imagepreview":"large","priority":0,"frequency":"default","local_seo":{"locations":{"business":{"name":"","businessType":"","image":"","areaServed":"","urls":{"website":"","aboutPage":"","contactPage":""},"address":{"streetLine1":"","streetLine2":"","zipCode":"","city":"","state":"","country":"","addressFormat":"#streetLineOne\n#streetLineTwo\n#city, #state #zipCode"},"contact":{"phone":"","email":"","fax":""},"ids":{"vat":"","tax":"","chamberOfCommerce":""},"payment":{"priceRange":"","currenciesAccepted":"","methods":""}}},"openingHours":{"useDefaults":true,"show":true,"alwaysOpen":false,"use24hFormat":false,"timezone":"","labels":{"closed":"","alwaysOpen":""},"days":{"monday":{"open24h":false,"closed":false,"openTime":"09:00","closeTime":"17:00"},"tuesday":{"open24h":false,"closed":false,"openTime":"09:00","closeTime":"17:00"},"wednesday":{"open24h":false,"closed":false,"openTime":"09:00","closeTime":"17:00"},"thursday":{"open24h":false,"closed":false,"openTime":"09:00","closeTime":"17:00"},"friday":{"open24h":false,"closed":false,"openTime":"09:00","closeTime":"17:00"},"saturday":{"open24h":false,"closed":false,"openTime":"09:00","closeTime":"17:00"},"sunday":{"open24h":false,"closed":false,"openTime":"09:00","closeTime":"17:00"}}}},"seo_analyzer_scan_date":"2025-08-15 22:49:44","breadcrumb_settings":"","limit_modified_date":false,"reviewed_by":"0","open_ai":"\"\"","ai":"","created":"2025-10-08 06:18:14","updated":"2025-10-08 06:18:15"},"aioseo_breadcrumb":"<div class=\"aioseo-breadcrumbs\"><span class=\"aioseo-breadcrumb\">\n\t<a href=\"https:\/\/www.gucbirjenerator.com\/en\/\" title=\"Jenerat\u00f6r\">Jenerat\u00f6r<\/a>\n<\/span><span class=\"aioseo-breadcrumb-separator\">|<\/span><span class=\"aioseo-breadcrumb\">\n\t<a href=\"https:\/\/www.gucbirjenerator.com\/en\/product-category\/gas-generators\/\" title=\"Gas Generators\">Gas Generators<\/a>\n<\/span><span class=\"aioseo-breadcrumb-separator\">|<\/span><span class=\"aioseo-breadcrumb\">\n\t<a href=\"https:\/\/www.gucbirjenerator.com\/en\/product-category\/gas-generators\/cummins-gas-generators\/\" title=\"Cummins\">Cummins<\/a>\n<\/span><span class=\"aioseo-breadcrumb-separator\">|<\/span><span class=\"aioseo-breadcrumb\">\n\tGJC192-NG\n<\/span><\/div>","aioseo_breadcrumb_json":[{"label":"Jenerat\u00f6r","link":"https:\/\/www.gucbirjenerator.com\/en\/"},{"label":"Gas Generators","link":"https:\/\/www.gucbirjenerator.com\/en\/product-category\/gas-generators\/"},{"label":"Cummins","link":"https:\/\/www.gucbirjenerator.com\/en\/product-category\/gas-generators\/cummins-gas-generators\/"},{"label":"GJC192-NG","link":"https:\/\/www.gucbirjenerator.com\/en\/urun\/gjc192-ng\/"}],"_links":{"self":[{"href":"https:\/\/www.gucbirjenerator.com\/en\/wp-json\/wp\/v2\/product\/6735","targetHints":{"allow":["GET"]}}],"collection":[{"href":"https:\/\/www.gucbirjenerator.com\/en\/wp-json\/wp\/v2\/product"}],"about":[{"href":"https:\/\/www.gucbirjenerator.com\/en\/wp-json\/wp\/v2\/types\/product"}],"wp:featuredmedia":[{"embeddable":true,"href":"https:\/\/www.gucbirjenerator.com\/en\/wp-json\/wp\/v2\/media\/6490"}],"wp:attachment":[{"href":"https:\/\/www.gucbirjenerator.com\/en\/wp-json\/wp\/v2\/media?parent=6735"}],"wp:term":[{"taxonomy":"product_brand","embeddable":true,"href":"https:\/\/www.gucbirjenerator.com\/en\/wp-json\/wp\/v2\/product_brand?post=6735"},{"taxonomy":"product_cat","embeddable":true,"href":"https:\/\/www.gucbirjenerator.com\/en\/wp-json\/wp\/v2\/product_cat?post=6735"},{"taxonomy":"product_tag","embeddable":true,"href":"https:\/\/www.gucbirjenerator.com\/en\/wp-json\/wp\/v2\/product_tag?post=6735"}],"curies":[{"name":"wp","href":"https:\/\/api.w.org\/{rel}","templated":true}]}}