{"id":7667,"date":"2024-07-19T11:38:35","date_gmt":"2024-07-19T08:38:35","guid":{"rendered":"https:\/\/www.gucbirjenerator.com\/fuel-consumption-calculations\/"},"modified":"2025-10-08T10:11:54","modified_gmt":"2025-10-08T07:11:54","slug":"fuel-consumption-calculations","status":"publish","type":"page","link":"https:\/\/www.gucbirjenerator.com\/en\/fuel-consumption-calculations\/","title":{"rendered":"Fuel Consumption Calculations"},"content":{"rendered":"\n\n  <div class=\"banner has-hover\" id=\"banner-1715460820\">\n          <div class=\"banner-inner fill\">\n        <div class=\"banner-bg fill\" >\n            <img decoding=\"async\" width=\"2000\" height=\"1125\" src=\"https:\/\/www.gucbirjenerator.com\/wp-content\/uploads\/2024\/04\/background-1.jpg\" class=\"bg attachment-original size-original\" alt=\"\" \/>                        <div class=\"overlay\"><\/div>            \n                    <\/div>\n\t\t\n\t<div class=\"ux-shape-divider ux-shape-divider--bottom ux-shape-divider--style-arrow-2-invert\">\n\t\t<svg viewBox=\"0 0 1000 100\" xmlns=\"http:\/\/www.w3.org\/2000\/svg\" preserveAspectRatio=\"none\">\n\t<path class=\"ux-shape-fill\" d=\"M1000 100H0V80H479.686C481.808 80 483.843 80.8429 485.343 82.3432L497.879 94.8787C499.05 96.0503 500.95 96.0503 502.121 94.8787L514.657 82.3431C516.157 80.8428 518.192 80 520.314 80H1000V100Z\"\/>\n<\/svg>\n\t<\/div>\n        <div class=\"banner-layers container\">\n            <div class=\"fill banner-link\"><\/div>            \n\n   <div id=\"text-box-772881003\" class=\"text-box banner-layer x50 md-x50 lg-x50 y90 md-y75 lg-y75 res-text\">\n                     <div data-animate=\"none\">           <div class=\"text-box-content text \">\n              \n              <div class=\"text-inner text-center\">\n                  \n\n\t<div id=\"text-3955717427\" class=\"text\">\n\t\t\n\n<h1><strong><span style=\"font-size: 120%;\">Fuel Consumption Calculations<\/span><br><\/strong><\/h1>\n<p><span style=\"font-size: 140%;\">Find out how much diesel your generator burns per hour in KW and KVA.<\/p>\n<p><\/span><\/p>\n\t\t\n<style>\n#text-3955717427 {\n  font-size: 0.75rem;\n  text-align: center;\n}\n@media (min-width:550px) {\n  #text-3955717427 {\n    text-align: center;\n  }\n}\n<\/style>\n\t<\/div>\n\t\n\n              <\/div>\n           <\/div>\n       <\/div>                     \n<style>\n#text-box-772881003 .text-inner {\n  padding: 0px 5px 0px 5px;\n}\n#text-box-772881003 {\n  width: 95%;\n}\n#text-box-772881003 .text-box-content {\n  font-size: 100%;\n}\n@media (min-width:550px) {\n  #text-box-772881003 .text-inner {\n    padding: 0px 0px 0px 15px;\n  }\n  #text-box-772881003 {\n    width: 93%;\n  }\n}\n@media (min-width:850px) {\n  #text-box-772881003 {\n    width: 49%;\n  }\n}\n<\/style>\n    <\/div>\n \n\t<div class=\"img has-hover x50 md-x50 lg-x50 y95 md-y95 lg-y95\" id=\"image_1131587623\">\n\t\t\t\t\t\t<div data-animate=\"blurIn\">\t\t<div class=\"img-inner dark\" style=\"margin:28px 0px 0px 0px;\">\n\t\t\t<img decoding=\"async\" width=\"588\" height=\"404\" src=\"https:\/\/www.gucbirjenerator.com\/wp-content\/uploads\/2024\/06\/1742-kopya.webp\" class=\"attachment-original size-original\" alt=\"\" srcset=\"https:\/\/www.gucbirjenerator.com\/wp-content\/uploads\/2024\/06\/1742-kopya.webp 588w, https:\/\/www.gucbirjenerator.com\/wp-content\/uploads\/2024\/06\/1742-kopya-510x350.webp 510w, https:\/\/www.gucbirjenerator.com\/wp-content\/uploads\/2024\/06\/1742-kopya-300x206.webp 300w\" sizes=\"(max-width: 588px) 100vw, 588px\" \/>\t\t\t\t\t\t\n\t\t\t\t\t<\/div>\n\t\t<\/div>\t\t\t\t\t\t\n<style>\n#image_1131587623 {\n  width: 6%;\n}\n@media (min-width:550px) {\n  #image_1131587623 {\n    width: 2%;\n  }\n}\n<\/style>\n\t<\/div>\n\t\n\n\n        <\/div>\n      <\/div>\n\n            \n<style>\n#banner-1715460820 {\n  padding-top: 350px;\n  background-color: rgb(255, 255, 255);\n}\n#banner-1715460820 .overlay {\n  background-color: rgb(239, 239, 239);\n}\n#banner-1715460820 .banner-bg img {\n  object-position: 0% 0%;\n}\n#banner-1715460820 .ux-shape-divider--bottom svg {\n  height: 0px;\n  --divider-width: 121%;\n}\n@media (min-width:550px) {\n  #banner-1715460820 {\n    padding-top: 410px;\n  }\n  #banner-1715460820 .overlay {\n    background-color: rgba(190, 190, 190, 0.2);\n  }\n  #banner-1715460820 .ux-shape-divider--bottom svg {\n    height: 126px;\n    --divider-width: 206%;\n  }\n}\n@media (min-width:850px) {\n  #banner-1715460820 .ux-shape-divider--bottom svg {\n    --divider-width: 121%;\n  }\n}\n<\/style>\n  <\/div>\n\n\n<div class=\"row align-center\"  id=\"row-1919578718\">\n\n\n\t<div id=\"col-2059692592\" class=\"col small-12 large-12\"  >\n\t\t\t\t<div class=\"col-inner\"  >\n\t\t\t\n\t\t\t\n\n\n\n<table class=\"bilgi\">\n<thead>\n<tr>\n<th>Generator Power<br> kW<\/th>\n<th>Generator Power<br> kVA<\/th>\n<th>At 1\/4 Load<br> (lt\/h)<\/th>\n<th>At 1\/2 Load<br> (lt\/h)<\/th>\n<th>At 3\/4 Load<br> (lt\/h)<\/th>\n<th>At 100% Load<br> (lt\/h)<\/th>\n<\/tr>\n<\/thead>\n<tbody>\n<tr>\n<td>20<\/td>\n<td>25<\/td>\n<td>2.3<\/td>\n<td>3.4<\/td>\n<td>4.9<\/td>\n<td>6.1<\/td>\n<\/tr>\n<tr>\n<td>30<\/td>\n<td>38<\/td>\n<td>4,9<\/td>\n<td>6,8<\/td>\n<td>9,1<\/td>\n<td>11<\/td>\n<\/tr>\n<tr>\n<td>40<\/td>\n<td>50<\/td>\n<td>6,1<\/td>\n<td>8,7<\/td>\n<td>12,1<\/td>\n<td>15,1<\/td>\n<\/tr>\n<tr>\n<td>60<\/td>\n<td>75<\/td>\n<td>6,8<\/td>\n<td>11<\/td>\n<td>14,4<\/td>\n<td>18,2<\/td>\n<\/tr>\n<tr>\n<td>75<\/td>\n<td>94<\/td>\n<td>9,1<\/td>\n<td>12,9<\/td>\n<td>17,4<\/td>\n<td>23,1<\/td>\n<\/tr>\n<tr>\n<td>100<\/td>\n<td>125<\/td>\n<td>9,8<\/td>\n<td>15,5<\/td>\n<td>22<\/td>\n<td>28<\/td>\n<\/tr>\n<tr>\n<td>125<\/td>\n<td>156<\/td>\n<td>11,7<\/td>\n<td>18,9<\/td>\n<td>26,9<\/td>\n<td>34,4<\/td>\n<\/tr>\n<tr>\n<td>135<\/td>\n<td>169<\/td>\n<td>12,5<\/td>\n<td>20,4<\/td>\n<td>28,8<\/td>\n<td>37,1<\/td>\n<\/tr>\n<tr>\n<td>150<\/td>\n<td>188<\/td>\n<td>13,6<\/td>\n<td>22,3<\/td>\n<td>31,8<\/td>\n<td>41,3<\/td>\n<\/tr>\n<tr>\n<td>175<\/td>\n<td>219<\/td>\n<td>15,5<\/td>\n<td>25,7<\/td>\n<td>36,7<\/td>\n<td>48,1<\/td>\n<\/tr>\n<tr>\n<td>200<\/td>\n<td>250<\/td>\n<td>17,8<\/td>\n<td>29,1<\/td>\n<td>41,6<\/td>\n<td>54,5<\/td>\n<\/tr>\n<tr>\n<td>230<\/td>\n<td>288<\/td>\n<td>20,1<\/td>\n<td>33,3<\/td>\n<td>47,3<\/td>\n<td>62,8<\/td>\n<\/tr>\n<tr>\n<td>250<\/td>\n<td>313<\/td>\n<td>21,6<\/td>\n<td>36<\/td>\n<td>51,5<\/td>\n<td>68,1<\/td>\n<\/tr>\n<tr>\n<td>300<\/td>\n<td>375<\/td>\n<td>25,7<\/td>\n<td>42,8<\/td>\n<td>60,9<\/td>\n<td>81,4<\/td>\n<\/tr>\n<tr>\n<td>350<\/td>\n<td>438<\/td>\n<td>29,9<\/td>\n<td>49,6<\/td>\n<td>70,8<\/td>\n<td>95<\/td>\n<\/tr>\n<tr>\n<td>400<\/td>\n<td>500<\/td>\n<td>33,7<\/td>\n<td>56,4<\/td>\n<td>80,6<\/td>\n<td>108,3<\/td>\n<\/tr>\n<tr>\n<td>500<\/td>\n<td>625<\/td>\n<td>41,6<\/td>\n<td>70<\/td>\n<td>99,9<\/td>\n<td>135,1<\/td>\n<\/tr>\n<tr>\n<td>600<\/td>\n<td>750<\/td>\n<td>50<\/td>\n<td>83,3<\/td>\n<td>119,2<\/td>\n<td>162<\/td>\n<\/tr>\n<tr>\n<td>750<\/td>\n<td>938<\/td>\n<td>61,7<\/td>\n<td>103,7<\/td>\n<td>148,8<\/td>\n<td>202,1<\/td>\n<\/tr>\n<tr>\n<td>1000<\/td>\n<td>1250<\/td>\n<td>81,8<\/td>\n<td>137,8<\/td>\n<td>197,2<\/td>\n<td>269,1<\/td>\n<\/tr>\n<tr>\n<td>1250<\/td>\n<td>1563<\/td>\n<td>101,8<\/td>\n<td>171,5<\/td>\n<td>246,1<\/td>\n<td>336,1<\/td>\n<\/tr>\n<tr>\n<td>1500<\/td>\n<td>1875<\/td>\n<td>121,9<\/td>\n<td>205,5<\/td>\n<td>294,5<\/td>\n<td>403,1<\/td>\n<\/tr>\n<tr>\n<td>1750<\/td>\n<td>2188<\/td>\n<td>142<\/td>\n<td>239,2<\/td>\n<td>343,3<\/td>\n<td>470,1<\/td>\n<\/tr>\n<tr>\n<td>2000<\/td>\n<td>2500<\/td>\n<td>162<\/td>\n<td>273,3<\/td>\n<td>391,8<\/td>\n<td>537,1<\/td>\n<\/tr>\n<tr>\n<td>2250<\/td>\n<td>2813<\/td>\n<td>182,1<\/td>\n<td>307<\/td>\n<td>440,6<\/td>\n<td>604,2<\/td>\n<\/tr>\n<\/tbody>\n<\/table>\n\n\n\t\t<\/div>\n\t\t\t\t\t<\/div>\n\n\t\n\n\n<style>\n#row-1919578718 > .col > .col-inner {\n  padding: 50px 0px 0px 0px;\n}\n<\/style>\n<\/div>\n\t<div id=\"gap-482398218\" class=\"gap-element clearfix\" style=\"display:block; height:auto;\">\n\t\t\n<style>\n#gap-482398218 {\n  padding-top: 30px;\n}\n<\/style>\n\t<\/div>\n\t\n\n\n","protected":false},"excerpt":{"rendered":"","protected":false},"author":1,"featured_media":0,"parent":0,"menu_order":0,"comment_status":"closed","ping_status":"closed","template":"page-transparent-header.php","meta":{"footnotes":""},"class_list":["post-7667","page","type-page","status-publish","hentry"],"aioseo_notices":[],"aioseo_head":"\n\t\t<!-- All in One SEO Pro 4.9.5.2 - aioseo.com -->\n\t<meta name=\"description\" content=\"G\u00fc\u00e7bir helps you calculate fuel consumption to increase the efficiency of your generators. Check out our fuel consumption table to get an idea!\" \/>\n\t<meta name=\"robots\" content=\"max-image-preview:large\" \/>\n\t<link rel=\"canonical\" href=\"https:\/\/www.gucbirjenerator.com\/en\/fuel-consumption-calculations\/\" \/>\n\t<meta name=\"generator\" content=\"All in One SEO Pro (AIOSEO) 4.9.5.2\" \/>\n\n\t\t<meta name=\"google-site-verification\" content=\"4gQbJotLq2Jkk7uK7PBaLqoK2brFQzd0wTqle0IPH6s\" \/>\n\t\t<meta property=\"og:locale\" content=\"en_US\" \/>\n\t\t<meta property=\"og:site_name\" content=\"G\u00fc\u00e7bir Jenerat\u00f6r | Dizel Jenerat\u00f6r - Portatif Jenerat\u00f6r - Orta Gerilim Jenerat\u00f6r - DC Jenerat\u00f6r\" \/>\n\t\t<meta property=\"og:type\" content=\"article\" \/>\n\t\t<meta property=\"og:title\" content=\"Fuel Consumption Calculations | G\u00fc\u00e7bir Jenerat\u00f6r\" \/>\n\t\t<meta property=\"og:description\" content=\"G\u00fc\u00e7bir helps you calculate fuel consumption to increase the efficiency of your generators. Check out our fuel consumption table to get an idea!\" \/>\n\t\t<meta property=\"og:url\" content=\"https:\/\/www.gucbirjenerator.com\/en\/fuel-consumption-calculations\/\" \/>\n\t\t<meta property=\"og:image\" content=\"https:\/\/www.gucbirjenerator.com\/wp-content\/uploads\/2024\/11\/Sdec-900-1250.jpg\" \/>\n\t\t<meta property=\"og:image:secure_url\" content=\"https:\/\/www.gucbirjenerator.com\/wp-content\/uploads\/2024\/11\/Sdec-900-1250.jpg\" \/>\n\t\t<meta property=\"og:image:width\" content=\"2500\" \/>\n\t\t<meta property=\"og:image:height\" content=\"2500\" \/>\n\t\t<meta property=\"article:published_time\" content=\"2024-07-19T08:38:35+00:00\" \/>\n\t\t<meta property=\"article:modified_time\" content=\"2025-10-08T07:11:54+00:00\" \/>\n\t\t<meta property=\"article:publisher\" content=\"https:\/\/www.facebook.com\/Gucbir\/\" \/>\n\t\t<meta name=\"twitter:card\" content=\"summary_large_image\" \/>\n\t\t<meta name=\"twitter:site\" content=\"@gucbirjenerator\" \/>\n\t\t<meta name=\"twitter:title\" content=\"Fuel Consumption Calculations | G\u00fc\u00e7bir Jenerat\u00f6r\" \/>\n\t\t<meta name=\"twitter:description\" content=\"G\u00fc\u00e7bir helps you calculate fuel consumption to increase the efficiency of your generators. Check out our fuel consumption table to get an idea!\" \/>\n\t\t<meta name=\"twitter:creator\" content=\"@gucbirjenerator\" \/>\n\t\t<meta name=\"twitter:image\" content=\"https:\/\/www.gucbirjenerator.com\/wp-content\/uploads\/2024\/11\/Sdec-900-1250.jpg\" \/>\n\t\t<script type=\"application\/ld+json\" class=\"aioseo-schema\">\n\t\t\t{\"@context\":\"https:\\\/\\\/schema.org\",\"@graph\":[{\"@type\":\"BreadcrumbList\",\"@id\":\"https:\\\/\\\/www.gucbirjenerator.com\\\/en\\\/fuel-consumption-calculations\\\/#breadcrumblist\",\"itemListElement\":[{\"@type\":\"ListItem\",\"@id\":\"https:\\\/\\\/www.gucbirjenerator.com\\\/en\\\/#listItem\",\"position\":1,\"name\":\"Jenerat\\u00f6r\",\"item\":\"https:\\\/\\\/www.gucbirjenerator.com\\\/en\\\/\",\"nextItem\":{\"@type\":\"ListItem\",\"@id\":\"https:\\\/\\\/www.gucbirjenerator.com\\\/en\\\/fuel-consumption-calculations\\\/#listItem\",\"name\":\"Fuel Consumption Calculations\"}},{\"@type\":\"ListItem\",\"@id\":\"https:\\\/\\\/www.gucbirjenerator.com\\\/en\\\/fuel-consumption-calculations\\\/#listItem\",\"position\":2,\"name\":\"Fuel Consumption Calculations\",\"previousItem\":{\"@type\":\"ListItem\",\"@id\":\"https:\\\/\\\/www.gucbirjenerator.com\\\/en\\\/#listItem\",\"name\":\"Jenerat\\u00f6r\"}}]},{\"@type\":\"Organization\",\"@id\":\"https:\\\/\\\/www.gucbirjenerator.com\\\/en\\\/#organization\",\"name\":\"G\\u00fc\\u00e7bir Jenerat\\u00f6r\",\"description\":\"Dizel Jenerat\\u00f6r - Portatif Jenerat\\u00f6r - Orta Gerilim Jenerat\\u00f6r - DC Jenerat\\u00f6r\",\"url\":\"https:\\\/\\\/www.gucbirjenerator.com\\\/en\\\/\",\"email\":\"info@gucbirjenerator.com\",\"telephone\":\"+902163127979\",\"logo\":{\"@type\":\"ImageObject\",\"url\":\"https:\\\/\\\/www.gucbirjenerator.com\\\/wp-content\\\/uploads\\\/2024\\\/04\\\/LOGO.png\",\"@id\":\"https:\\\/\\\/www.gucbirjenerator.com\\\/en\\\/fuel-consumption-calculations\\\/#organizationLogo\",\"width\":500,\"height\":194},\"image\":{\"@id\":\"https:\\\/\\\/www.gucbirjenerator.com\\\/en\\\/fuel-consumption-calculations\\\/#organizationLogo\"},\"sameAs\":[\"https:\\\/\\\/www.facebook.com\\\/Gucbir\\\/\",\"https:\\\/\\\/x.com\\\/gucbirjenerator\",\"https:\\\/\\\/www.instagram.com\\\/gucbirjenerator\\\/\",\"https:\\\/\\\/www.youtube.com\\\/channel\\\/UCDAQMIeq8KkEwJ_UmLyiMQg\",\"https:\\\/\\\/www.linkedin.com\\\/company\\\/gucbirjenerator\\\/\"],\"address\":{\"@id\":\"https:\\\/\\\/www.gucbirjenerator.com\\\/en\\\/#postaladdress\",\"@type\":\"PostalAddress\",\"streetAddress\":\"\\u015eerifali, Tavuk\\u00e7uyolu Cd No:200,34775, \\u00dcmraniye\\\/\\u0130stanbul\",\"postalCode\":\"34775\",\"addressLocality\":\"\\u0130STANBUL\",\"addressCountry\":\"TR\"}},{\"@type\":\"WebPage\",\"@id\":\"https:\\\/\\\/www.gucbirjenerator.com\\\/en\\\/fuel-consumption-calculations\\\/#webpage\",\"url\":\"https:\\\/\\\/www.gucbirjenerator.com\\\/en\\\/fuel-consumption-calculations\\\/\",\"name\":\"Fuel Consumption Calculations | G\\u00fc\\u00e7bir Jenerat\\u00f6r\",\"description\":\"G\\u00fc\\u00e7bir helps you calculate fuel consumption to increase the efficiency of your generators. Check out our fuel consumption table to get an idea!\",\"inLanguage\":\"en-US\",\"isPartOf\":{\"@id\":\"https:\\\/\\\/www.gucbirjenerator.com\\\/en\\\/#website\"},\"breadcrumb\":{\"@id\":\"https:\\\/\\\/www.gucbirjenerator.com\\\/en\\\/fuel-consumption-calculations\\\/#breadcrumblist\"},\"datePublished\":\"2024-07-19T11:38:35+03:00\",\"dateModified\":\"2025-10-08T10:11:54+03:00\"},{\"@type\":\"WebSite\",\"@id\":\"https:\\\/\\\/www.gucbirjenerator.com\\\/en\\\/#website\",\"url\":\"https:\\\/\\\/www.gucbirjenerator.com\\\/en\\\/\",\"name\":\"G\\u00fc\\u00e7bir Jenerat\\u00f6r\",\"alternateName\":\"G\\u00fc\\u00e7bir Jenerator\",\"description\":\"Dizel Jenerat\\u00f6r - Portatif Jenerat\\u00f6r - Orta Gerilim Jenerat\\u00f6r - DC Jenerat\\u00f6r\",\"inLanguage\":\"en-US\",\"publisher\":{\"@id\":\"https:\\\/\\\/www.gucbirjenerator.com\\\/en\\\/#organization\"}}]}\n\t\t<\/script>\n\t\t<!-- All in One SEO Pro -->\r\n\t\t<title>Fuel Consumption Calculations | G\u00fc\u00e7bir Jenerat\u00f6r<\/title>\n\n","aioseo_head_json":{"title":"Fuel Consumption Calculations | G\u00fc\u00e7bir Jenerat\u00f6r","description":"G\u00fc\u00e7bir helps you calculate fuel consumption to increase the efficiency of your generators. Check out our fuel consumption table to get an idea!","canonical_url":"https:\/\/www.gucbirjenerator.com\/en\/fuel-consumption-calculations\/","robots":"max-image-preview:large","keywords":"","webmasterTools":{"miscellaneous":"&lt;meta name=\"google-site-verification\" content=\"4gQbJotLq2Jkk7uK7PBaLqoK2brFQzd0wTqle0IPH6s\" \/&gt;"},"schema":{"@context":"https:\/\/schema.org","@graph":[{"@type":"BreadcrumbList","@id":"https:\/\/www.gucbirjenerator.com\/en\/fuel-consumption-calculations\/#breadcrumblist","itemListElement":[{"@type":"ListItem","@id":"https:\/\/www.gucbirjenerator.com\/en\/#listItem","position":1,"name":"Jenerat\u00f6r","item":"https:\/\/www.gucbirjenerator.com\/en\/","nextItem":{"@type":"ListItem","@id":"https:\/\/www.gucbirjenerator.com\/en\/fuel-consumption-calculations\/#listItem","name":"Fuel Consumption Calculations"}},{"@type":"ListItem","@id":"https:\/\/www.gucbirjenerator.com\/en\/fuel-consumption-calculations\/#listItem","position":2,"name":"Fuel Consumption Calculations","previousItem":{"@type":"ListItem","@id":"https:\/\/www.gucbirjenerator.com\/en\/#listItem","name":"Jenerat\u00f6r"}}]},{"@type":"Organization","@id":"https:\/\/www.gucbirjenerator.com\/en\/#organization","name":"G\u00fc\u00e7bir Jenerat\u00f6r","description":"Dizel Jenerat\u00f6r - Portatif Jenerat\u00f6r - Orta Gerilim Jenerat\u00f6r - DC Jenerat\u00f6r","url":"https:\/\/www.gucbirjenerator.com\/en\/","email":"info@gucbirjenerator.com","telephone":"+902163127979","logo":{"@type":"ImageObject","url":"https:\/\/www.gucbirjenerator.com\/wp-content\/uploads\/2024\/04\/LOGO.png","@id":"https:\/\/www.gucbirjenerator.com\/en\/fuel-consumption-calculations\/#organizationLogo","width":500,"height":194},"image":{"@id":"https:\/\/www.gucbirjenerator.com\/en\/fuel-consumption-calculations\/#organizationLogo"},"sameAs":["https:\/\/www.facebook.com\/Gucbir\/","https:\/\/x.com\/gucbirjenerator","https:\/\/www.instagram.com\/gucbirjenerator\/","https:\/\/www.youtube.com\/channel\/UCDAQMIeq8KkEwJ_UmLyiMQg","https:\/\/www.linkedin.com\/company\/gucbirjenerator\/"],"address":{"@id":"https:\/\/www.gucbirjenerator.com\/en\/#postaladdress","@type":"PostalAddress","streetAddress":"\u015eerifali, Tavuk\u00e7uyolu Cd No:200,34775, \u00dcmraniye\/\u0130stanbul","postalCode":"34775","addressLocality":"\u0130STANBUL","addressCountry":"TR"}},{"@type":"WebPage","@id":"https:\/\/www.gucbirjenerator.com\/en\/fuel-consumption-calculations\/#webpage","url":"https:\/\/www.gucbirjenerator.com\/en\/fuel-consumption-calculations\/","name":"Fuel Consumption Calculations | G\u00fc\u00e7bir Jenerat\u00f6r","description":"G\u00fc\u00e7bir helps you calculate fuel consumption to increase the efficiency of your generators. Check out our fuel consumption table to get an idea!","inLanguage":"en-US","isPartOf":{"@id":"https:\/\/www.gucbirjenerator.com\/en\/#website"},"breadcrumb":{"@id":"https:\/\/www.gucbirjenerator.com\/en\/fuel-consumption-calculations\/#breadcrumblist"},"datePublished":"2024-07-19T11:38:35+03:00","dateModified":"2025-10-08T10:11:54+03:00"},{"@type":"WebSite","@id":"https:\/\/www.gucbirjenerator.com\/en\/#website","url":"https:\/\/www.gucbirjenerator.com\/en\/","name":"G\u00fc\u00e7bir Jenerat\u00f6r","alternateName":"G\u00fc\u00e7bir Jenerator","description":"Dizel Jenerat\u00f6r - Portatif Jenerat\u00f6r - Orta Gerilim Jenerat\u00f6r - DC Jenerat\u00f6r","inLanguage":"en-US","publisher":{"@id":"https:\/\/www.gucbirjenerator.com\/en\/#organization"}}]},"og:locale":"en_US","og:site_name":"G\u00fc\u00e7bir Jenerat\u00f6r | Dizel Jenerat\u00f6r - Portatif Jenerat\u00f6r - Orta Gerilim Jenerat\u00f6r - DC Jenerat\u00f6r","og:type":"article","og:title":"Fuel Consumption Calculations | G\u00fc\u00e7bir Jenerat\u00f6r","og:description":"G\u00fc\u00e7bir helps you calculate fuel consumption to increase the efficiency of your generators. Check out our fuel consumption table to get an idea!","og:url":"https:\/\/www.gucbirjenerator.com\/en\/fuel-consumption-calculations\/","og:image":"https:\/\/www.gucbirjenerator.com\/wp-content\/uploads\/2024\/11\/Sdec-900-1250.jpg","og:image:secure_url":"https:\/\/www.gucbirjenerator.com\/wp-content\/uploads\/2024\/11\/Sdec-900-1250.jpg","og:image:width":2500,"og:image:height":2500,"article:published_time":"2024-07-19T08:38:35+00:00","article:modified_time":"2025-10-08T07:11:54+00:00","article:publisher":"https:\/\/www.facebook.com\/Gucbir\/","twitter:card":"summary_large_image","twitter:site":"@gucbirjenerator","twitter:title":"Fuel Consumption Calculations | G\u00fc\u00e7bir Jenerat\u00f6r","twitter:description":"G\u00fc\u00e7bir helps you calculate fuel consumption to increase the efficiency of your generators. Check out our fuel consumption table to get an idea!","twitter:creator":"@gucbirjenerator","twitter:image":"https:\/\/www.gucbirjenerator.com\/wp-content\/uploads\/2024\/11\/Sdec-900-1250.jpg"},"aioseo_meta_data":{"post_id":"7667","title":"","description":"G\u00fc\u00e7bir helps you calculate fuel consumption to increase the efficiency of your generators. Check out our fuel consumption table to get an idea! ","keywords":[],"keyphrases":{"focus":{"keyphrase":"Yak\u0131t T\u00fcketim Hesaplamalar\u0131","score":76,"analysis":{"keyphraseInTitle":{"title":"Focus Keyphrase in SEO title","description":"Focus Keyphrase found in SEO title.","score":9,"maxScore":9,"error":0},"keyphraseInDescription":{"title":"Focus keyphrase in meta description","description":"Focus keyphrase found in meta description.","score":9,"maxScore":9,"error":0},"keyphraseInURL":{"title":"Focus Keyphrase in URL","description":"Focus Keyphrase not found in the URL.","score":1,"maxScore":5,"error":1},"keyphraseInIntroduction":{"title":"Focus keyphrase in introduction","description":"Your Focus keyphrase does not appear in the first paragraph. Make sure the topic is clear immediately.","score":3,"maxScore":9,"error":1},"keyphraseInSubHeadings":[],"keyphraseLength":{"title":"Focus keyphrase length","description":"Good job!","score":9,"maxScore":9,"error":0,"length":3},"keyphraseInImageAlt":[]}},"additional":[]},"primary_term":"","canonical_url":"","og_title":"","og_description":"","og_object_type":"default","og_image_type":"default","og_image_url":"","og_image_width":"0","og_image_height":"0","og_image_custom_url":"","og_image_custom_fields":"","og_video":"","og_custom_url":"","og_article_section":"","og_article_tags":[],"twitter_use_og":false,"twitter_card":"default","twitter_image_type":"default","twitter_image_url":"","twitter_image_custom_url":"","twitter_image_custom_fields":"","twitter_title":"","twitter_description":"","schema":{"blockGraphs":[],"customGraphs":[],"default":{"data":{"Article":[],"Course":[],"Dataset":[],"FAQPage":[],"Movie":[],"Person":[],"Product":[],"ProductReview":[],"Car":[],"Recipe":[],"Service":[],"SoftwareApplication":[],"WebPage":[]},"graphName":"","isEnabled":true},"graphs":[]},"schema_type":"default","schema_type_options":"{\"article\":{\"articleType\":\"BlogPosting\"},\"course\":{\"name\":\"\",\"description\":\"\",\"provider\":\"\"},\"faq\":{\"pages\":[]},\"product\":{\"reviews\":[]},\"recipe\":{\"ingredients\":[],\"instructions\":[],\"keywords\":[]},\"software\":{\"reviews\":[],\"operatingSystems\":[]},\"webPage\":{\"webPageType\":\"WebPage\"}}","pillar_content":false,"robots_default":true,"robots_noindex":false,"robots_noarchive":false,"robots_nosnippet":false,"robots_nofollow":false,"robots_noimageindex":false,"robots_noodp":false,"robots_notranslate":false,"robots_max_snippet":"-1","robots_max_videopreview":"-1","robots_max_imagepreview":"large","priority":0,"frequency":"default","local_seo":{"locations":{"business":{"name":"","businessType":"","image":"","areaServed":"","urls":{"website":"","aboutPage":"","contactPage":""},"address":{"streetLine1":"","streetLine2":"","zipCode":"","city":"","state":"","country":"","addressFormat":"#streetLineOne\n#streetLineTwo\n#city, #state #zipCode"},"contact":{"phone":"","email":"","fax":""},"ids":{"vat":"","tax":"","chamberOfCommerce":""},"payment":{"priceRange":"","currenciesAccepted":"","methods":""}}},"openingHours":{"useDefaults":true,"show":true,"alwaysOpen":false,"use24hFormat":false,"timezone":"","labels":{"closed":"","alwaysOpen":""},"days":{"monday":{"open24h":false,"closed":false,"openTime":"09:00","closeTime":"17:00"},"tuesday":{"open24h":false,"closed":false,"openTime":"09:00","closeTime":"17:00"},"wednesday":{"open24h":false,"closed":false,"openTime":"09:00","closeTime":"17:00"},"thursday":{"open24h":false,"closed":false,"openTime":"09:00","closeTime":"17:00"},"friday":{"open24h":false,"closed":false,"openTime":"09:00","closeTime":"17:00"},"saturday":{"open24h":false,"closed":false,"openTime":"09:00","closeTime":"17:00"},"sunday":{"open24h":false,"closed":false,"openTime":"09:00","closeTime":"17:00"}}}},"seo_analyzer_scan_date":"2025-10-08 07:21:33","breadcrumb_settings":"","limit_modified_date":false,"reviewed_by":"0","open_ai":"\"\"","ai":"","created":"2025-10-08 07:11:53","updated":"2025-11-27 01:53:39"},"aioseo_breadcrumb":"<div class=\"aioseo-breadcrumbs\"><span class=\"aioseo-breadcrumb\">\n\t<a href=\"https:\/\/www.gucbirjenerator.com\/en\/\" title=\"Jenerat\u00f6r\">Jenerat\u00f6r<\/a>\n<\/span><span class=\"aioseo-breadcrumb-separator\">|<\/span><span class=\"aioseo-breadcrumb\">\n\tFuel Consumption Calculations\n<\/span><\/div>","aioseo_breadcrumb_json":[{"label":"Jenerat\u00f6r","link":"https:\/\/www.gucbirjenerator.com\/en\/"},{"label":"Fuel Consumption Calculations","link":"https:\/\/www.gucbirjenerator.com\/en\/fuel-consumption-calculations\/"}],"_links":{"self":[{"href":"https:\/\/www.gucbirjenerator.com\/en\/wp-json\/wp\/v2\/pages\/7667","targetHints":{"allow":["GET"]}}],"collection":[{"href":"https:\/\/www.gucbirjenerator.com\/en\/wp-json\/wp\/v2\/pages"}],"about":[{"href":"https:\/\/www.gucbirjenerator.com\/en\/wp-json\/wp\/v2\/types\/page"}],"author":[{"embeddable":true,"href":"https:\/\/www.gucbirjenerator.com\/en\/wp-json\/wp\/v2\/users\/1"}],"replies":[{"embeddable":true,"href":"https:\/\/www.gucbirjenerator.com\/en\/wp-json\/wp\/v2\/comments?post=7667"}],"version-history":[{"count":2,"href":"https:\/\/www.gucbirjenerator.com\/en\/wp-json\/wp\/v2\/pages\/7667\/revisions"}],"predecessor-version":[{"id":7671,"href":"https:\/\/www.gucbirjenerator.com\/en\/wp-json\/wp\/v2\/pages\/7667\/revisions\/7671"}],"wp:attachment":[{"href":"https:\/\/www.gucbirjenerator.com\/en\/wp-json\/wp\/v2\/media?parent=7667"}],"curies":[{"name":"wp","href":"https:\/\/api.w.org\/{rel}","templated":true}]}}