{"id":7640,"date":"2024-06-10T14:36:56","date_gmt":"2024-06-10T11:36:56","guid":{"rendered":"https:\/\/www.gucbirjenerator.com\/catalog\/"},"modified":"2025-10-08T16:43:55","modified_gmt":"2025-10-08T13:43:55","slug":"catalog","status":"publish","type":"page","link":"https:\/\/www.gucbirjenerator.com\/en\/catalog\/","title":{"rendered":"Catalog"},"content":{"rendered":"\n\n  <div class=\"banner has-hover\" id=\"banner-926712943\">\n          <div class=\"banner-inner fill\">\n        <div class=\"banner-bg fill\" >\n            <img decoding=\"async\" width=\"2000\" height=\"1125\" src=\"https:\/\/www.gucbirjenerator.com\/wp-content\/uploads\/2024\/04\/background-1.jpg\" class=\"bg attachment-original size-original\" alt=\"\" \/>                        <div class=\"overlay\"><\/div>            \n                    <\/div>\n\t\t\n\t<div class=\"ux-shape-divider ux-shape-divider--bottom ux-shape-divider--style-arrow-2-invert\">\n\t\t<svg viewBox=\"0 0 1000 100\" xmlns=\"http:\/\/www.w3.org\/2000\/svg\" preserveAspectRatio=\"none\">\n\t<path class=\"ux-shape-fill\" d=\"M1000 100H0V80H479.686C481.808 80 483.843 80.8429 485.343 82.3432L497.879 94.8787C499.05 96.0503 500.95 96.0503 502.121 94.8787L514.657 82.3431C516.157 80.8428 518.192 80 520.314 80H1000V100Z\"\/>\n<\/svg>\n\t<\/div>\n        <div class=\"banner-layers container\">\n            <div class=\"fill banner-link\"><\/div>            \n\n   <div id=\"text-box-741851085\" class=\"text-box banner-layer x50 md-x50 lg-x50 y80 md-y75 lg-y75 res-text\">\n                     <div data-animate=\"none\">           <div class=\"text-box-content text \">\n              \n              <div class=\"text-inner text-center\">\n                  \n\n\t<div id=\"text-1030556975\" class=\"text\">\n\t\t\n\n<h1><strong><span style=\"font-size: 130%;\">Catalog<\/span><br><\/strong><\/h1>\n<p><span style=\"font-size: 140%;\">You can view all information about our generators in our catalogue.<\/p>\n<p><\/span><\/p>\n\n\t\t\n<style>\n#text-1030556975 {\n  font-size: 0.75rem;\n  text-align: center;\n}\n@media (min-width:550px) {\n  #text-1030556975 {\n    text-align: center;\n  }\n}\n<\/style>\n\t<\/div>\n\t\n\n              <\/div>\n           <\/div>\n       <\/div>                     \n<style>\n#text-box-741851085 .text-inner {\n  padding: 0px 5px 0px 5px;\n}\n#text-box-741851085 {\n  width: 98%;\n}\n#text-box-741851085 .text-box-content {\n  font-size: 100%;\n}\n@media (min-width:550px) {\n  #text-box-741851085 .text-inner {\n    padding: 0px 0px 0px 15px;\n  }\n  #text-box-741851085 {\n    width: 93%;\n  }\n}\n@media (min-width:850px) {\n  #text-box-741851085 {\n    width: 49%;\n  }\n}\n<\/style>\n    <\/div>\n \n\t<div class=\"img has-hover x50 md-x50 lg-x50 y95 md-y95 lg-y95\" id=\"image_1643362348\">\n\t\t\t\t\t\t<div data-animate=\"blurIn\">\t\t<div class=\"img-inner dark\" style=\"margin:28px 0px 0px 0px;\">\n\t\t\t<img decoding=\"async\" width=\"588\" height=\"404\" src=\"https:\/\/www.gucbirjenerator.com\/wp-content\/uploads\/2024\/06\/1742-kopya.webp\" class=\"attachment-original size-original\" alt=\"\" srcset=\"https:\/\/www.gucbirjenerator.com\/wp-content\/uploads\/2024\/06\/1742-kopya.webp 588w, https:\/\/www.gucbirjenerator.com\/wp-content\/uploads\/2024\/06\/1742-kopya-510x350.webp 510w, https:\/\/www.gucbirjenerator.com\/wp-content\/uploads\/2024\/06\/1742-kopya-300x206.webp 300w\" sizes=\"(max-width: 588px) 100vw, 588px\" \/>\t\t\t\t\t\t\n\t\t\t\t\t<\/div>\n\t\t<\/div>\t\t\t\t\t\t\n<style>\n#image_1643362348 {\n  width: 6%;\n}\n@media (min-width:550px) {\n  #image_1643362348 {\n    width: 2%;\n  }\n}\n<\/style>\n\t<\/div>\n\t\n\n\n        <\/div>\n      <\/div>\n\n            \n<style>\n#banner-926712943 {\n  padding-top: 300px;\n  background-color: rgb(255, 255, 255);\n}\n#banner-926712943 .overlay {\n  background-color: rgb(239, 239, 239);\n}\n#banner-926712943 .banner-bg img {\n  object-position: 0% 0%;\n}\n#banner-926712943 .ux-shape-divider--bottom svg {\n  height: 0px;\n  --divider-width: 121%;\n}\n@media (min-width:550px) {\n  #banner-926712943 {\n    padding-top: 410px;\n  }\n  #banner-926712943 .overlay {\n    background-color: rgba(190, 190, 190, 0.2);\n  }\n  #banner-926712943 .ux-shape-divider--bottom svg {\n    height: 126px;\n    --divider-width: 206%;\n  }\n}\n@media (min-width:850px) {\n  #banner-926712943 .ux-shape-divider--bottom svg {\n    --divider-width: 121%;\n  }\n}\n<\/style>\n  <\/div>\n\n\n\t<div id=\"gap-1945045160\" class=\"gap-element clearfix\" style=\"display:block; height:auto;\">\n\t\t\n<style>\n#gap-1945045160 {\n  padding-top: 0px;\n}\n@media (min-width:550px) {\n  #gap-1945045160 {\n    padding-top: 82px;\n  }\n}\n<\/style>\n\t<\/div>\n\t\n\n<div class=\"row row-collapse row-full-width align-middle hide-for-small\"  id=\"row-1875598944\">\n\n\n\t<div id=\"col-893533901\" class=\"col medium-4 small-12 large-4\"  >\n\t\t\t\t<div class=\"col-inner text-right\" style=\"background-color:#eb1c23;\" >\n\t\t\t\n\t\t\t\n\n\t<div class=\"img has-hover x md-x lg-x y md-y lg-y\" id=\"image_1384259569\">\n\t\t\t\t\t\t<div data-animate=\"fadeInLeft\">\t\t<div class=\"img-inner dark\" style=\"margin:0px -94px 0px 0px;\">\n\t\t\t<img decoding=\"async\" width=\"800\" height=\"1192\" src=\"https:\/\/www.gucbirjenerator.com\/wp-content\/uploads\/2024\/06\/genel-katalog-kapak-2.webp\" class=\"attachment-original size-original\" alt=\"\" srcset=\"https:\/\/www.gucbirjenerator.com\/wp-content\/uploads\/2024\/06\/genel-katalog-kapak-2.webp 800w, https:\/\/www.gucbirjenerator.com\/wp-content\/uploads\/2024\/06\/genel-katalog-kapak-2-510x760.webp 510w, https:\/\/www.gucbirjenerator.com\/wp-content\/uploads\/2024\/06\/genel-katalog-kapak-2-201x300.webp 201w, https:\/\/www.gucbirjenerator.com\/wp-content\/uploads\/2024\/06\/genel-katalog-kapak-2-687x1024.webp 687w, https:\/\/www.gucbirjenerator.com\/wp-content\/uploads\/2024\/06\/genel-katalog-kapak-2-768x1144.webp 768w\" sizes=\"(max-width: 800px) 100vw, 800px\" \/>\t\t\t\t\t\t\n\t\t\t\t\t<\/div>\n\t\t<\/div>\t\t\t\t\t\t\n<style>\n#image_1384259569 {\n  width: 22%;\n}\n<\/style>\n\t<\/div>\n\t\n\n\n\t\t<\/div>\n\t\t\t\t\n<style>\n#col-893533901 > .col-inner {\n  padding: 0px 0px 0px 0px;\n  margin: 0px 0px 0px 0px;\n}\n<\/style>\n\t<\/div>\n\n\t\n\n\t<div id=\"col-1438769622\" class=\"col medium-6 small-12 large-6\"  >\n\t\t\t\t<div class=\"col-inner\"  >\n\t\t\t\n\t\t\t\n\n\t<div id=\"text-604012745\" class=\"text\">\n\t\t\n\n<h2 style=\"font-size: 250%;\">To our 2024 General Catalog<br> Take a Look<\/h2>\n<p><a href=\"https:\/\/www.gucbirjenerator.com\/en\/general-catalog\/\">\n  <strong>Click<\/strong>\n<\/a> to review<\/p>\n\t\t\n<style>\n#text-604012745 {\n  text-align: right;\n}\n<\/style>\n\t<\/div>\n\t\n\n\t\t<\/div>\n\t\t\t\t\n<style>\n#col-1438769622 > .col-inner {\n  padding: 0px 0px 0px 18%;\n  margin: -40px 0px 0px 0px;\n}\n<\/style>\n\t<\/div>\n\n\t\n\n\n<style>\n#row-1875598944 > .col > .col-inner {\n  padding: 40px 0px 40px 15%;\n}\n<\/style>\n<\/div>\n<div class=\"row row-collapse row-full-width align-middle align-center show-for-small\"  id=\"row-469506336\">\n\n\n\t<div id=\"col-1868024606\" class=\"col medium-4 small-12 large-4\"  >\n\t\t\t\t<div class=\"col-inner text-center\" style=\"background-color:#eb1c23;\" >\n\t\t\t\n\t\t\t\n\n\t<div id=\"text-3480226418\" class=\"text\">\n\t\t\n\n<h2 style=\"font-size: 250%;\">To our 2024 General Catalog<br> Take a Look<\/h2>\n<p><span style=\"color: #ffffff;\">\n  <a style=\"color: #ffffff;\" href=\"https:\/\/www.gucbirjenerator.com\/en\/general-catalog\/\">\n    <strong>Click<\/strong>\n  <\/a>\n<\/span> to review<\/p>\n\t\t\n<style>\n#text-3480226418 {\n  text-align: center;\n  color: rgb(255,255,255);\n}\n#text-3480226418 > * {\n  color: rgb(255,255,255);\n}\n@media (min-width:550px) {\n  #text-3480226418 {\n    text-align: right;\n  }\n}\n<\/style>\n\t<\/div>\n\t\n\t<div class=\"img has-hover x md-x lg-x y md-y lg-y\" id=\"image_2099221848\">\n\t\t\t\t\t\t<div data-animate=\"fadeInLeft\">\t\t<div class=\"img-inner dark\" style=\"margin:0px 0px 0px 0px;\">\n\t\t\t<img decoding=\"async\" width=\"800\" height=\"1192\" src=\"https:\/\/www.gucbirjenerator.com\/wp-content\/uploads\/2024\/06\/genel-katalog-kapak-2.webp\" class=\"attachment-original size-original\" alt=\"\" srcset=\"https:\/\/www.gucbirjenerator.com\/wp-content\/uploads\/2024\/06\/genel-katalog-kapak-2.webp 800w, https:\/\/www.gucbirjenerator.com\/wp-content\/uploads\/2024\/06\/genel-katalog-kapak-2-510x760.webp 510w, https:\/\/www.gucbirjenerator.com\/wp-content\/uploads\/2024\/06\/genel-katalog-kapak-2-201x300.webp 201w, https:\/\/www.gucbirjenerator.com\/wp-content\/uploads\/2024\/06\/genel-katalog-kapak-2-687x1024.webp 687w, https:\/\/www.gucbirjenerator.com\/wp-content\/uploads\/2024\/06\/genel-katalog-kapak-2-768x1144.webp 768w\" sizes=\"(max-width: 800px) 100vw, 800px\" \/>\t\t\t\t\t\t\n\t\t\t\t\t<\/div>\n\t\t<\/div>\t\t\t\t\t\t\n<style>\n#image_2099221848 {\n  width: 35%;\n}\n@media (min-width:550px) {\n  #image_2099221848 {\n    width: 22%;\n  }\n}\n<\/style>\n\t<\/div>\n\t\n\n\n\t\t<\/div>\n\t\t\t\t\n<style>\n#col-1868024606 > .col-inner {\n  padding: 0px 0px 0px 0px;\n  margin: 0px 0px 0px 0px;\n}\n<\/style>\n\t<\/div>\n\n\t\n\n\n<style>\n#row-469506336 > .col > .col-inner {\n  padding: 40px 0px 40px 0px;\n}\n@media (min-width:550px) {\n  #row-469506336 > .col > .col-inner {\n    padding: 40px 0px 40px 15%;\n  }\n}\n<\/style>\n<\/div>\n\t<div id=\"gap-1105369821\" class=\"gap-element clearfix\" style=\"display:block; height:auto;\">\n\t\t\n<style>\n#gap-1105369821 {\n  padding-top: 0px;\n}\n@media (min-width:550px) {\n  #gap-1105369821 {\n    padding-top: 82px;\n  }\n}\n<\/style>\n\t<\/div>\n\t\n\n\t<div id=\"gap-464570279\" class=\"gap-element clearfix\" style=\"display:block; height:auto;\">\n\t\t\n<style>\n#gap-464570279 {\n  padding-top: 0px;\n}\n@media (min-width:550px) {\n  #gap-464570279 {\n    padding-top: 30px;\n  }\n}\n<\/style>\n\t<\/div>\n\t\n\n\n","protected":false},"excerpt":{"rendered":"","protected":false},"author":1,"featured_media":0,"parent":0,"menu_order":0,"comment_status":"closed","ping_status":"closed","template":"page-transparent-header.php","meta":{"footnotes":""},"class_list":["post-7640","page","type-page","status-publish","hentry"],"aioseo_notices":[],"aioseo_head":"\n\t\t<!-- All in One SEO Pro 4.9.5.2 - aioseo.com -->\n\t<meta name=\"description\" content=\"Check out our 2024 General Catalog. You can view all diesel and portable generator options in this catalog.\" \/>\n\t<meta name=\"robots\" content=\"max-image-preview:large\" \/>\n\t<link rel=\"canonical\" href=\"https:\/\/www.gucbirjenerator.com\/en\/catalog\/\" \/>\n\t<meta name=\"generator\" content=\"All in One SEO Pro (AIOSEO) 4.9.5.2\" \/>\n\n\t\t<meta name=\"google-site-verification\" content=\"4gQbJotLq2Jkk7uK7PBaLqoK2brFQzd0wTqle0IPH6s\" \/>\n\t\t<meta property=\"og:locale\" content=\"en_US\" \/>\n\t\t<meta property=\"og:site_name\" content=\"G\u00fc\u00e7bir Jenerat\u00f6r | Dizel Jenerat\u00f6r - Portatif Jenerat\u00f6r - Orta Gerilim Jenerat\u00f6r - DC Jenerat\u00f6r\" \/>\n\t\t<meta property=\"og:type\" content=\"article\" \/>\n\t\t<meta property=\"og:title\" content=\"View General Catalog | G\u00fc\u00e7bir Jenerat\u00f6r\" \/>\n\t\t<meta property=\"og:description\" content=\"Check out our 2024 General Catalog. You can view all diesel and portable generator options in this catalog.\" \/>\n\t\t<meta property=\"og:url\" content=\"https:\/\/www.gucbirjenerator.com\/en\/catalog\/\" \/>\n\t\t<meta property=\"og:image\" content=\"https:\/\/www.gucbirjenerator.com\/wp-content\/uploads\/2024\/11\/Sdec-900-1250.jpg\" \/>\n\t\t<meta property=\"og:image:secure_url\" content=\"https:\/\/www.gucbirjenerator.com\/wp-content\/uploads\/2024\/11\/Sdec-900-1250.jpg\" \/>\n\t\t<meta property=\"og:image:width\" content=\"2500\" \/>\n\t\t<meta property=\"og:image:height\" content=\"2500\" \/>\n\t\t<meta property=\"article:published_time\" content=\"2024-06-10T11:36:56+00:00\" \/>\n\t\t<meta property=\"article:modified_time\" content=\"2025-10-08T13:43:55+00:00\" \/>\n\t\t<meta property=\"article:publisher\" content=\"https:\/\/www.facebook.com\/Gucbir\/\" \/>\n\t\t<meta name=\"twitter:card\" content=\"summary_large_image\" \/>\n\t\t<meta name=\"twitter:site\" content=\"@gucbirjenerator\" \/>\n\t\t<meta name=\"twitter:title\" content=\"View General Catalog | G\u00fc\u00e7bir Jenerat\u00f6r\" \/>\n\t\t<meta name=\"twitter:description\" content=\"Check out our 2024 General Catalog. You can view all diesel and portable generator options in this catalog.\" \/>\n\t\t<meta name=\"twitter:creator\" content=\"@gucbirjenerator\" \/>\n\t\t<meta name=\"twitter:image\" content=\"https:\/\/www.gucbirjenerator.com\/wp-content\/uploads\/2024\/11\/Sdec-900-1250.jpg\" \/>\n\t\t<script type=\"application\/ld+json\" class=\"aioseo-schema\">\n\t\t\t{\"@context\":\"https:\\\/\\\/schema.org\",\"@graph\":[{\"@type\":\"BreadcrumbList\",\"@id\":\"https:\\\/\\\/www.gucbirjenerator.com\\\/en\\\/catalog\\\/#breadcrumblist\",\"itemListElement\":[{\"@type\":\"ListItem\",\"@id\":\"https:\\\/\\\/www.gucbirjenerator.com\\\/en\\\/#listItem\",\"position\":1,\"name\":\"Jenerat\\u00f6r\",\"item\":\"https:\\\/\\\/www.gucbirjenerator.com\\\/en\\\/\",\"nextItem\":{\"@type\":\"ListItem\",\"@id\":\"https:\\\/\\\/www.gucbirjenerator.com\\\/en\\\/catalog\\\/#listItem\",\"name\":\"Catalog\"}},{\"@type\":\"ListItem\",\"@id\":\"https:\\\/\\\/www.gucbirjenerator.com\\\/en\\\/catalog\\\/#listItem\",\"position\":2,\"name\":\"Catalog\",\"previousItem\":{\"@type\":\"ListItem\",\"@id\":\"https:\\\/\\\/www.gucbirjenerator.com\\\/en\\\/#listItem\",\"name\":\"Jenerat\\u00f6r\"}}]},{\"@type\":\"Organization\",\"@id\":\"https:\\\/\\\/www.gucbirjenerator.com\\\/en\\\/#organization\",\"name\":\"G\\u00fc\\u00e7bir Jenerat\\u00f6r\",\"description\":\"Dizel Jenerat\\u00f6r - Portatif Jenerat\\u00f6r - Orta Gerilim Jenerat\\u00f6r - DC Jenerat\\u00f6r\",\"url\":\"https:\\\/\\\/www.gucbirjenerator.com\\\/en\\\/\",\"email\":\"info@gucbirjenerator.com\",\"telephone\":\"+902163127979\",\"logo\":{\"@type\":\"ImageObject\",\"url\":\"https:\\\/\\\/www.gucbirjenerator.com\\\/wp-content\\\/uploads\\\/2024\\\/04\\\/LOGO.png\",\"@id\":\"https:\\\/\\\/www.gucbirjenerator.com\\\/en\\\/catalog\\\/#organizationLogo\",\"width\":500,\"height\":194},\"image\":{\"@id\":\"https:\\\/\\\/www.gucbirjenerator.com\\\/en\\\/catalog\\\/#organizationLogo\"},\"sameAs\":[\"https:\\\/\\\/www.facebook.com\\\/Gucbir\\\/\",\"https:\\\/\\\/x.com\\\/gucbirjenerator\",\"https:\\\/\\\/www.instagram.com\\\/gucbirjenerator\\\/\",\"https:\\\/\\\/www.youtube.com\\\/channel\\\/UCDAQMIeq8KkEwJ_UmLyiMQg\",\"https:\\\/\\\/www.linkedin.com\\\/company\\\/gucbirjenerator\\\/\"],\"address\":{\"@id\":\"https:\\\/\\\/www.gucbirjenerator.com\\\/en\\\/#postaladdress\",\"@type\":\"PostalAddress\",\"streetAddress\":\"\\u015eerifali, Tavuk\\u00e7uyolu Cd No:200,34775, \\u00dcmraniye\\\/\\u0130stanbul\",\"postalCode\":\"34775\",\"addressLocality\":\"\\u0130STANBUL\",\"addressCountry\":\"TR\"}},{\"@type\":\"WebPage\",\"@id\":\"https:\\\/\\\/www.gucbirjenerator.com\\\/en\\\/catalog\\\/#webpage\",\"url\":\"https:\\\/\\\/www.gucbirjenerator.com\\\/en\\\/catalog\\\/\",\"name\":\"View General Catalog | G\\u00fc\\u00e7bir Jenerat\\u00f6r\",\"description\":\"Check out our 2024 General Catalog. You can view all diesel and portable generator options in this catalog.\",\"inLanguage\":\"en-US\",\"isPartOf\":{\"@id\":\"https:\\\/\\\/www.gucbirjenerator.com\\\/en\\\/#website\"},\"breadcrumb\":{\"@id\":\"https:\\\/\\\/www.gucbirjenerator.com\\\/en\\\/catalog\\\/#breadcrumblist\"},\"datePublished\":\"2024-06-10T14:36:56+03:00\",\"dateModified\":\"2025-10-08T16:43:55+03:00\"},{\"@type\":\"WebSite\",\"@id\":\"https:\\\/\\\/www.gucbirjenerator.com\\\/en\\\/#website\",\"url\":\"https:\\\/\\\/www.gucbirjenerator.com\\\/en\\\/\",\"name\":\"G\\u00fc\\u00e7bir Jenerat\\u00f6r\",\"alternateName\":\"G\\u00fc\\u00e7bir Jenerator\",\"description\":\"Dizel Jenerat\\u00f6r - Portatif Jenerat\\u00f6r - Orta Gerilim Jenerat\\u00f6r - DC Jenerat\\u00f6r\",\"inLanguage\":\"en-US\",\"publisher\":{\"@id\":\"https:\\\/\\\/www.gucbirjenerator.com\\\/en\\\/#organization\"}}]}\n\t\t<\/script>\n\t\t<!-- All in One SEO Pro -->\r\n\t\t<title>View General Catalog | G\u00fc\u00e7bir Jenerat\u00f6r<\/title>\n\n","aioseo_head_json":{"title":"View General Catalog | G\u00fc\u00e7bir Jenerat\u00f6r","description":"Check out our 2024 General Catalog. You can view all diesel and portable generator options in this catalog.","canonical_url":"https:\/\/www.gucbirjenerator.com\/en\/catalog\/","robots":"max-image-preview:large","keywords":"","webmasterTools":{"miscellaneous":"&lt;meta name=\"google-site-verification\" content=\"4gQbJotLq2Jkk7uK7PBaLqoK2brFQzd0wTqle0IPH6s\" \/&gt;"},"schema":{"@context":"https:\/\/schema.org","@graph":[{"@type":"BreadcrumbList","@id":"https:\/\/www.gucbirjenerator.com\/en\/catalog\/#breadcrumblist","itemListElement":[{"@type":"ListItem","@id":"https:\/\/www.gucbirjenerator.com\/en\/#listItem","position":1,"name":"Jenerat\u00f6r","item":"https:\/\/www.gucbirjenerator.com\/en\/","nextItem":{"@type":"ListItem","@id":"https:\/\/www.gucbirjenerator.com\/en\/catalog\/#listItem","name":"Catalog"}},{"@type":"ListItem","@id":"https:\/\/www.gucbirjenerator.com\/en\/catalog\/#listItem","position":2,"name":"Catalog","previousItem":{"@type":"ListItem","@id":"https:\/\/www.gucbirjenerator.com\/en\/#listItem","name":"Jenerat\u00f6r"}}]},{"@type":"Organization","@id":"https:\/\/www.gucbirjenerator.com\/en\/#organization","name":"G\u00fc\u00e7bir Jenerat\u00f6r","description":"Dizel Jenerat\u00f6r - Portatif Jenerat\u00f6r - Orta Gerilim Jenerat\u00f6r - DC Jenerat\u00f6r","url":"https:\/\/www.gucbirjenerator.com\/en\/","email":"info@gucbirjenerator.com","telephone":"+902163127979","logo":{"@type":"ImageObject","url":"https:\/\/www.gucbirjenerator.com\/wp-content\/uploads\/2024\/04\/LOGO.png","@id":"https:\/\/www.gucbirjenerator.com\/en\/catalog\/#organizationLogo","width":500,"height":194},"image":{"@id":"https:\/\/www.gucbirjenerator.com\/en\/catalog\/#organizationLogo"},"sameAs":["https:\/\/www.facebook.com\/Gucbir\/","https:\/\/x.com\/gucbirjenerator","https:\/\/www.instagram.com\/gucbirjenerator\/","https:\/\/www.youtube.com\/channel\/UCDAQMIeq8KkEwJ_UmLyiMQg","https:\/\/www.linkedin.com\/company\/gucbirjenerator\/"],"address":{"@id":"https:\/\/www.gucbirjenerator.com\/en\/#postaladdress","@type":"PostalAddress","streetAddress":"\u015eerifali, Tavuk\u00e7uyolu Cd No:200,34775, \u00dcmraniye\/\u0130stanbul","postalCode":"34775","addressLocality":"\u0130STANBUL","addressCountry":"TR"}},{"@type":"WebPage","@id":"https:\/\/www.gucbirjenerator.com\/en\/catalog\/#webpage","url":"https:\/\/www.gucbirjenerator.com\/en\/catalog\/","name":"View General Catalog | G\u00fc\u00e7bir Jenerat\u00f6r","description":"Check out our 2024 General Catalog. You can view all diesel and portable generator options in this catalog.","inLanguage":"en-US","isPartOf":{"@id":"https:\/\/www.gucbirjenerator.com\/en\/#website"},"breadcrumb":{"@id":"https:\/\/www.gucbirjenerator.com\/en\/catalog\/#breadcrumblist"},"datePublished":"2024-06-10T14:36:56+03:00","dateModified":"2025-10-08T16:43:55+03:00"},{"@type":"WebSite","@id":"https:\/\/www.gucbirjenerator.com\/en\/#website","url":"https:\/\/www.gucbirjenerator.com\/en\/","name":"G\u00fc\u00e7bir Jenerat\u00f6r","alternateName":"G\u00fc\u00e7bir Jenerator","description":"Dizel Jenerat\u00f6r - Portatif Jenerat\u00f6r - Orta Gerilim Jenerat\u00f6r - DC Jenerat\u00f6r","inLanguage":"en-US","publisher":{"@id":"https:\/\/www.gucbirjenerator.com\/en\/#organization"}}]},"og:locale":"en_US","og:site_name":"G\u00fc\u00e7bir Jenerat\u00f6r | Dizel Jenerat\u00f6r - Portatif Jenerat\u00f6r - Orta Gerilim Jenerat\u00f6r - DC Jenerat\u00f6r","og:type":"article","og:title":"View General Catalog | G\u00fc\u00e7bir Jenerat\u00f6r","og:description":"Check out our 2024 General Catalog. You can view all diesel and portable generator options in this catalog.","og:url":"https:\/\/www.gucbirjenerator.com\/en\/catalog\/","og:image":"https:\/\/www.gucbirjenerator.com\/wp-content\/uploads\/2024\/11\/Sdec-900-1250.jpg","og:image:secure_url":"https:\/\/www.gucbirjenerator.com\/wp-content\/uploads\/2024\/11\/Sdec-900-1250.jpg","og:image:width":2500,"og:image:height":2500,"article:published_time":"2024-06-10T11:36:56+00:00","article:modified_time":"2025-10-08T13:43:55+00:00","article:publisher":"https:\/\/www.facebook.com\/Gucbir\/","twitter:card":"summary_large_image","twitter:site":"@gucbirjenerator","twitter:title":"View General Catalog | G\u00fc\u00e7bir Jenerat\u00f6r","twitter:description":"Check out our 2024 General Catalog. You can view all diesel and portable generator options in this catalog.","twitter:creator":"@gucbirjenerator","twitter:image":"https:\/\/www.gucbirjenerator.com\/wp-content\/uploads\/2024\/11\/Sdec-900-1250.jpg"},"aioseo_meta_data":{"post_id":"7640","title":"View General Catalog #separator_sa #site_title&nbsp;","description":"Check out our 2024 General Catalog. You can view all diesel and portable generator options in this catalog. ","keywords":[],"keyphrases":{"focus":[],"additional":[]},"primary_term":"","canonical_url":"","og_title":"","og_description":"","og_object_type":"default","og_image_type":"default","og_image_url":"","og_image_width":"0","og_image_height":"0","og_image_custom_url":"","og_image_custom_fields":"","og_video":"","og_custom_url":"","og_article_section":"","og_article_tags":[],"twitter_use_og":false,"twitter_card":"default","twitter_image_type":"default","twitter_image_url":"","twitter_image_custom_url":"","twitter_image_custom_fields":"","twitter_title":"","twitter_description":"","schema":{"blockGraphs":[],"customGraphs":[],"default":{"data":{"Article":[],"Course":[],"Dataset":[],"FAQPage":[],"Movie":[],"Person":[],"Product":[],"ProductReview":[],"Car":[],"Recipe":[],"Service":[],"SoftwareApplication":[],"WebPage":[]},"graphName":"","isEnabled":true},"graphs":[]},"schema_type":"default","schema_type_options":"{\"article\":{\"articleType\":\"BlogPosting\"},\"course\":{\"name\":\"\",\"description\":\"\",\"provider\":\"\"},\"faq\":{\"pages\":[]},\"product\":{\"reviews\":[]},\"recipe\":{\"ingredients\":[],\"instructions\":[],\"keywords\":[]},\"software\":{\"reviews\":[],\"operatingSystems\":[]},\"webPage\":{\"webPageType\":\"WebPage\"}}","pillar_content":false,"robots_default":true,"robots_noindex":false,"robots_noarchive":false,"robots_nosnippet":false,"robots_nofollow":false,"robots_noimageindex":false,"robots_noodp":false,"robots_notranslate":false,"robots_max_snippet":"-1","robots_max_videopreview":"-1","robots_max_imagepreview":"large","priority":0,"frequency":"default","local_seo":{"locations":{"business":{"name":"","businessType":"","image":"","areaServed":"","urls":{"website":"","aboutPage":"","contactPage":""},"address":{"streetLine1":"","streetLine2":"","zipCode":"","city":"","state":"","country":"","addressFormat":"#streetLineOne\n#streetLineTwo\n#city, #state #zipCode"},"contact":{"phone":"","email":"","fax":""},"ids":{"vat":"","tax":"","chamberOfCommerce":""},"payment":{"priceRange":"","currenciesAccepted":"","methods":""}}},"openingHours":{"useDefaults":true,"show":true,"alwaysOpen":false,"use24hFormat":false,"timezone":"","labels":{"closed":"","alwaysOpen":""},"days":{"monday":{"open24h":false,"closed":false,"openTime":"09:00","closeTime":"17:00"},"tuesday":{"open24h":false,"closed":false,"openTime":"09:00","closeTime":"17:00"},"wednesday":{"open24h":false,"closed":false,"openTime":"09:00","closeTime":"17:00"},"thursday":{"open24h":false,"closed":false,"openTime":"09:00","closeTime":"17:00"},"friday":{"open24h":false,"closed":false,"openTime":"09:00","closeTime":"17:00"},"saturday":{"open24h":false,"closed":false,"openTime":"09:00","closeTime":"17:00"},"sunday":{"open24h":false,"closed":false,"openTime":"09:00","closeTime":"17:00"}}}},"seo_analyzer_scan_date":"2025-10-08 13:44:27","breadcrumb_settings":"","limit_modified_date":false,"reviewed_by":"0","open_ai":"\"\"","ai":"","created":"2025-10-08 07:11:02","updated":"2025-11-27 01:53:22"},"aioseo_breadcrumb":"<div class=\"aioseo-breadcrumbs\"><span class=\"aioseo-breadcrumb\">\n\t<a href=\"https:\/\/www.gucbirjenerator.com\/en\/\" title=\"Jenerat\u00f6r\">Jenerat\u00f6r<\/a>\n<\/span><span class=\"aioseo-breadcrumb-separator\">|<\/span><span class=\"aioseo-breadcrumb\">\n\tCatalog\n<\/span><\/div>","aioseo_breadcrumb_json":[{"label":"Jenerat\u00f6r","link":"https:\/\/www.gucbirjenerator.com\/en\/"},{"label":"Catalog","link":"https:\/\/www.gucbirjenerator.com\/en\/catalog\/"}],"_links":{"self":[{"href":"https:\/\/www.gucbirjenerator.com\/en\/wp-json\/wp\/v2\/pages\/7640","targetHints":{"allow":["GET"]}}],"collection":[{"href":"https:\/\/www.gucbirjenerator.com\/en\/wp-json\/wp\/v2\/pages"}],"about":[{"href":"https:\/\/www.gucbirjenerator.com\/en\/wp-json\/wp\/v2\/types\/page"}],"author":[{"embeddable":true,"href":"https:\/\/www.gucbirjenerator.com\/en\/wp-json\/wp\/v2\/users\/1"}],"replies":[{"embeddable":true,"href":"https:\/\/www.gucbirjenerator.com\/en\/wp-json\/wp\/v2\/comments?post=7640"}],"version-history":[{"count":3,"href":"https:\/\/www.gucbirjenerator.com\/en\/wp-json\/wp\/v2\/pages\/7640\/revisions"}],"predecessor-version":[{"id":7857,"href":"https:\/\/www.gucbirjenerator.com\/en\/wp-json\/wp\/v2\/pages\/7640\/revisions\/7857"}],"wp:attachment":[{"href":"https:\/\/www.gucbirjenerator.com\/en\/wp-json\/wp\/v2\/media?parent=7640"}],"curies":[{"name":"wp","href":"https:\/\/api.w.org\/{rel}","templated":true}]}}